{"id":655,"date":"2026-03-08T16:16:23","date_gmt":"2026-03-08T16:16:23","guid":{"rendered":"https:\/\/www.eceselinyuksel.com\/tr\/?page_id=655"},"modified":"2026-03-18T13:54:58","modified_gmt":"2026-03-18T13:54:58","slug":"ajanda-2","status":"publish","type":"page","link":"https:\/\/www.eceselinyuksel.com\/tr\/ajanda-2\/","title":{"rendered":"Ajanda"},"content":{"rendered":"<style>.kb-row-layout-wrap.wp-block-kadence-rowlayout.kb-row-layout-id655_293f21-4d{margin-top:0px;margin-bottom:0px;}.kb-row-layout-id655_293f21-4d > .kt-row-column-wrap{align-content:center;}:where(.kb-row-layout-id655_293f21-4d > .kt-row-column-wrap) > .wp-block-kadence-column{justify-content:center;}.kb-row-layout-id655_293f21-4d > .kt-row-column-wrap{column-gap:var(--global-kb-gap-none, 0rem );row-gap:var(--global-kb-gap-md, 2rem);max-width:1290px;padding-top:0px;padding-bottom:var(--global-kb-spacing-5xl, 10rem);min-height:750px;grid-template-columns:minmax(0, calc(85% - ((var(--global-kb-gap-none, 0rem ) * 1 )\/2)))minmax(0, calc(15% - ((var(--global-kb-gap-none, 0rem ) * 1 )\/2)));}.kb-row-layout-id655_293f21-4d > .kt-row-layout-overlay{opacity:0.00;background-color:var(--theme-palette-color-5, #e1e8ed);}@media all and (max-width: 1024px){.kb-row-layout-id655_293f21-4d > .kt-row-column-wrap{padding-top:0px;padding-right:var(--global-kb-spacing-3xl, 6.5rem);padding-bottom:var(--global-kb-spacing-xl, 4rem);padding-left:var(--global-kb-spacing-xl, 4rem);grid-template-columns:minmax(0, 1fr);}}@media all and (max-width: 767px){.kb-row-layout-id655_293f21-4d > .kt-row-column-wrap{padding-right:var(--global-kb-spacing-xs, 1rem);padding-left:var(--global-kb-spacing-xs, 1rem);grid-template-columns:minmax(0, 1fr);}}<\/style><div class=\"kb-row-layout-wrap kb-row-layout-id655_293f21-4d alignfull kt-row-has-bg wp-block-kadence-rowlayout\"><div class=\"kt-row-layout-overlay kt-row-overlay-normal\"><\/div><div class=\"kt-row-column-wrap kt-has-2-columns kt-row-layout-left-golden kt-tab-layout-row kt-mobile-layout-row kt-row-valign-middle kb-theme-content-width\">\n<style>.kadence-column655_08457e-e3 > .kt-inside-inner-col,.kadence-column655_08457e-e3 > .kt-inside-inner-col:before{border-top-left-radius:0px;border-top-right-radius:0px;border-bottom-right-radius:0px;border-bottom-left-radius:0px;}.kadence-column655_08457e-e3 > .kt-inside-inner-col{column-gap:var(--global-kb-gap-sm, 1rem);}.kadence-column655_08457e-e3 > .kt-inside-inner-col{flex-direction:column;}.kadence-column655_08457e-e3 > .kt-inside-inner-col > .aligncenter{width:100%;}.kadence-column655_08457e-e3 > .kt-inside-inner-col:before{opacity:0.3;}.kadence-column655_08457e-e3{position:relative;}@media all and (max-width: 1024px){.kadence-column655_08457e-e3 > .kt-inside-inner-col{flex-direction:column;justify-content:center;}}@media all and (max-width: 767px){.kadence-column655_08457e-e3 > .kt-inside-inner-col{flex-direction:column;justify-content:center;}}<\/style>\n<div class=\"wp-block-kadence-column kadence-column655_08457e-e3\"><div class=\"kt-inside-inner-col\"><style>.wp-block-kadence-advancedheading.kt-adv-heading655_e6794c-08, .wp-block-kadence-advancedheading.kt-adv-heading655_e6794c-08[data-kb-block=\"kb-adv-heading655_e6794c-08\"]{font-style:normal;}.wp-block-kadence-advancedheading.kt-adv-heading655_e6794c-08 mark.kt-highlight, .wp-block-kadence-advancedheading.kt-adv-heading655_e6794c-08[data-kb-block=\"kb-adv-heading655_e6794c-08\"] mark.kt-highlight{font-style:normal;color:#f76a0c;-webkit-box-decoration-break:clone;box-decoration-break:clone;padding-top:0px;padding-right:0px;padding-bottom:0px;padding-left:0px;}.wp-block-kadence-advancedheading.kt-adv-heading655_e6794c-08 img.kb-inline-image, .wp-block-kadence-advancedheading.kt-adv-heading655_e6794c-08[data-kb-block=\"kb-adv-heading655_e6794c-08\"] img.kb-inline-image{width:150px;vertical-align:baseline;}<\/style>\n<h2 class=\"kt-adv-heading655_e6794c-08 wp-block-kadence-advancedheading\" data-kb-block=\"kb-adv-heading655_e6794c-08\">Ajanda<\/h2>\n\n\n<div class=\"wp-block-hycal-calendar\">\n  \n  <div id='hycal-eb9620d0801e7ccc0c15c68f6d62eace23a6bcfb17e891a21580064cd74e26da' class='hydrogen-calendar-embeds hycal-container'>loading&#8230;<\/div>\n  <\/div><\/div><\/div>\n\n\n<style>.kadence-column655_091494-41 > .kt-inside-inner-col{display:flex;}.kadence-column655_091494-41 > .kt-inside-inner-col,.kadence-column655_091494-41 > .kt-inside-inner-col:before{border-top-left-radius:0px;border-top-right-radius:0px;border-bottom-right-radius:0px;border-bottom-left-radius:0px;}.kadence-column655_091494-41 > .kt-inside-inner-col{column-gap:var(--global-kb-gap-sm, 1rem);}.kadence-column655_091494-41 > .kt-inside-inner-col{flex-direction:column;justify-content:flex-start;}.kadence-column655_091494-41 > .kt-inside-inner-col > .aligncenter{width:100%;}.kt-row-column-wrap > .kadence-column655_091494-41{align-self:flex-start;}.kt-inner-column-height-full:not(.kt-has-1-columns) > .wp-block-kadence-column.kadence-column655_091494-41{align-self:auto;}.kt-inner-column-height-full:not(.kt-has-1-columns) > .wp-block-kadence-column.kadence-column655_091494-41 > .kt-inside-inner-col{flex-direction:column;justify-content:flex-start;}.kadence-column655_091494-41 > .kt-inside-inner-col:before{opacity:0.3;}.kadence-column655_091494-41{position:relative;}@media all and (max-width: 1024px){.kt-row-column-wrap > .kadence-column655_091494-41{align-self:flex-start;}}@media all and (max-width: 1024px){.kt-inner-column-height-full:not(.kt-has-1-columns) > .wp-block-kadence-column.kadence-column655_091494-41{align-self:auto;}}@media all and (max-width: 1024px){.kt-inner-column-height-full:not(.kt-has-1-columns) > .wp-block-kadence-column.kadence-column655_091494-41 > .kt-inside-inner-col{flex-direction:column;justify-content:flex-start;}}@media all and (max-width: 1024px){.kadence-column655_091494-41 > .kt-inside-inner-col{flex-direction:column;justify-content:flex-start;}}@media all and (max-width: 767px){.kt-row-column-wrap > .kadence-column655_091494-41{align-self:flex-start;}.kt-inner-column-height-full:not(.kt-has-1-columns) > .wp-block-kadence-column.kadence-column655_091494-41{align-self:auto;}.kt-inner-column-height-full:not(.kt-has-1-columns) > .wp-block-kadence-column.kadence-column655_091494-41 > .kt-inside-inner-col{flex-direction:column;justify-content:flex-start;}.kadence-column655_091494-41 > .kt-inside-inner-col{flex-direction:column;justify-content:flex-start;}}<\/style>\n<div class=\"wp-block-kadence-column kadence-column655_091494-41 kvs-md-false kvs-sm-false\"><div class=\"kt-inside-inner-col\"><style>.wp-block-kadence-navigation638-cpt-id{--kb-nav-dropdown-border-top-left-radius:0px;--kb-nav-dropdown-border-top-right-radius:0px;--kb-nav-dropdown-border-bottom-right-radius:0px;--kb-nav-dropdown-border-bottom-left-radius:0px;--kb-nav-dropdown-border-radius-top:0px;--kb-nav-dropdown-border-radius-right:0px;--kb-nav-dropdown-border-radius-bottom:0px;--kb-nav-dropdown-border-radius-left:0px;--kb-nav-top-not-last-link-border-right:var(--kb-nav-link-border-right);}.header-desktop-transparent .wp-block-kadence-navigation638-cpt-id{--kb-nav-top-not-last-link-border-right:var(--kb-nav-link-border-right);}.item-is-stuck .wp-block-kadence-navigation638-cpt-id{--kb-nav-top-not-last-link-border-right:var(--kb-nav-link-border-right);}@media all and (max-width: 1024px){.wp-block-kadence-navigation638-cpt-id{--kb-nav-top-not-last-link-border-right:var(--kb-nav-link-border-right);}}@media all and (max-width: 1024px){.header-tablet-transparent .wp-block-kadence-navigation638-cpt-id{--kb-nav-top-not-last-link-border-right:var(--kb-nav-link-border-right);}}@media all and (max-width: 1024px){.item-is-stuck .wp-block-kadence-navigation638-cpt-id{--kb-nav-top-not-last-link-border-right:var(--kb-nav-link-border-right);}}@media all and (max-width: 767px){.wp-block-kadence-navigation638-cpt-id{--kb-nav-column-gap:2.4em;--kb-nav-top-not-last-link-border-right:var(--kb-nav-link-border-right);}.header-mobile-transparent .wp-block-kadence-navigation638-cpt-id{--kb-nav-top-not-last-link-border-right:var(--kb-nav-link-border-right);}.item-is-stuck .wp-block-kadence-navigation638-cpt-id{--kb-nav-top-not-last-link-border-right:var(--kb-nav-link-border-right);}}<\/style><div class=\"wp-block-kadence-navigation638-cpt-id kb-nav-desktop-horizontal-layout-standard kb-nav-tablet-horizontal-layout-standard kb-nav-mobile-horizontal-layout-standard navigation-desktop-layout-fill-stretch-false navigation-tablet-layout-fill-stretch-false navigation-mobile-layout-fill-stretch-false navigation-desktop-orientation-vertical navigation-tablet-orientation-vertical navigation-mobile-orientation-vertical wp-block-kadence-navigation\" data-scroll-spy=\"\"><nav class=\"navigation navigation-desktop-style-standard navigation-tablet-style-standard navigation-mobile-style-standard navigation-desktop-dropdown-animation-none navigation-tablet-dropdown-animation-none navigation-mobile-dropdown-animation-none navigation-desktop-collapse-sub-menus-true navigation-tablet-collapse-sub-menus-true navigation-mobile-collapse-sub-menus-true navigation-desktop-parent-toggles-menus-false navigation-tablet-parent-toggles-menus-false navigation-mobile-parent-toggles-menus-false navigation-desktop-parent-active-false navigation-tablet-parent-active-false navigation-mobile-parent-active-false\"><div class=\"menu-container\"><ul class=\"kb-navigation menu collapse-sub-nav-desktop-true collapse-sub-nav-tablet-true collapse-sub-nav-mobile-true\">\n<style>.kb-nav-link-661_13ce6e-49 > .kb-link-wrap.kb-link-wrap.kb-link-wrap.kb-link-wrap{--kb-nav-link-highlight-order:3;--kb-nav-link-highlight-icon-order:3;--kb-nav-link-align:right;--kb-nav-link-flex-justify:end;--kb-nav-link-media-container-align-self:end;--kb-nav-link-flex-align:end;}.kb-nav-link-661_13ce6e-49 > .kb-link-wrap.kb-link-wrap.kb-link-wrap.kb-link-wrap{--kb-nav-link-media-max-width:px;}<\/style><li class=\"wp-block-kadence-navigation-link kb-nav-link-661_13ce6e-49 menu-item wp-block-kadence-navigation-link\"><div class=\"kb-link-wrap\"><a class=\"kb-nav-link-content\" href=\"https:\/\/www.eceselinyuksel.com\/tr\/biyografi-2\/\">Biyografi<\/a><\/div><\/li>\n\n<style>.kb-nav-link-661_c49b1b-7b > .kb-link-wrap.kb-link-wrap.kb-link-wrap.kb-link-wrap{--kb-nav-link-highlight-order:3;--kb-nav-link-highlight-icon-order:3;--kb-nav-link-align:right;--kb-nav-link-flex-justify:end;--kb-nav-link-media-container-align-self:end;--kb-nav-link-flex-align:end;}.kb-nav-link-661_c49b1b-7b > .kb-link-wrap.kb-link-wrap.kb-link-wrap.kb-link-wrap{--kb-nav-link-media-max-width:px;}<\/style><li class=\"wp-block-kadence-navigation-link kb-nav-link-661_c49b1b-7b menu-item wp-block-kadence-navigation-link\"><div class=\"kb-link-wrap\"><a class=\"kb-nav-link-content\" href=\"https:\/\/www.eceselinyuksel.com\/tr\/ajanda-2\/\">Ajanda<\/a><\/div><\/li>\n\n<style>.kb-nav-link-ni6zw4si0 > .kb-link-wrap.kb-link-wrap.kb-link-wrap.kb-link-wrap{--kb-nav-link-highlight-order:3;--kb-nav-link-highlight-icon-order:3;--kb-nav-link-align:right;--kb-nav-link-flex-justify:end;--kb-nav-link-media-container-align-self:end;--kb-nav-link-flex-align:end;}.kb-nav-link-ni6zw4si0 > .kb-link-wrap.kb-link-wrap.kb-link-wrap.kb-link-wrap{--kb-nav-link-media-max-width:px;}<\/style><li class=\"wp-block-kadence-navigation-link kb-nav-link-ni6zw4si0 menu-item wp-block-kadence-navigation-link\"><div class=\"kb-link-wrap\"><a class=\"kb-nav-link-content\" href=\"https:\/\/www.eceselinyuksel.com\/tr\/ajanda-2-2\/\">Dersler<\/a><\/div><\/li>\n<\/ul><\/div><\/nav><\/div>\n\n\n<div class=\"wp-block-stackable-spacer stk-block-spacer stk--no-padding stk-block stk-93bf6c8\" data-block-id=\"93bf6c8\"><style>.stk-93bf6c8 {height:500px !important;}<\/style><\/div>\n<\/div><\/div>\n\n<\/div><\/div>","protected":false},"excerpt":{"rendered":"<p>Ajanda<\/p>\n","protected":false},"author":1,"featured_media":0,"parent":0,"menu_order":0,"comment_status":"closed","ping_status":"closed","template":"","meta":{"footnotes":""},"class_list":["post-655","page","type-page","status-publish","hentry"],"blocksy_meta":{"has_hero_section":"disabled","styles_descriptor":{"styles":{"desktop":"","tablet":"","mobile":""},"google_fonts":[],"version":6}},"yoast_head":"<!-- This site is optimized with the Yoast SEO plugin v27.3 - https:\/\/yoast.com\/product\/yoast-seo-wordpress\/ -->\n<title>Ajanda - Ece Selin Y\u00fcksel<\/title>\n<meta name=\"robots\" content=\"index, follow, max-snippet:-1, max-image-preview:large, max-video-preview:-1\" \/>\n<link rel=\"canonical\" href=\"https:\/\/www.eceselinyuksel.com\/tr\/ajanda-2\/\" \/>\n<meta property=\"og:locale\" content=\"tr_TR\" \/>\n<meta property=\"og:type\" content=\"article\" \/>\n<meta property=\"og:title\" content=\"Ajanda - Ece Selin Y\u00fcksel\" \/>\n<meta property=\"og:description\" content=\"Ajanda\" \/>\n<meta property=\"og:url\" content=\"https:\/\/www.eceselinyuksel.com\/tr\/ajanda-2\/\" \/>\n<meta property=\"og:site_name\" content=\"Ece Selin Y\u00fcksel\" \/>\n<meta property=\"article:modified_time\" content=\"2026-03-18T13:54:58+00:00\" \/>\n<meta name=\"twitter:card\" content=\"summary_large_image\" \/>\n<script type=\"application\/ld+json\" class=\"yoast-schema-graph\">{\"@context\":\"https:\\\/\\\/schema.org\",\"@graph\":[{\"@type\":\"WebPage\",\"@id\":\"https:\\\/\\\/www.eceselinyuksel.com\\\/tr\\\/ajanda-2\\\/\",\"url\":\"https:\\\/\\\/www.eceselinyuksel.com\\\/tr\\\/ajanda-2\\\/\",\"name\":\"Ajanda - Ece Selin Y\u00fcksel\",\"isPartOf\":{\"@id\":\"https:\\\/\\\/www.eceselinyuksel.com\\\/tr\\\/#website\"},\"datePublished\":\"2026-03-08T16:16:23+00:00\",\"dateModified\":\"2026-03-18T13:54:58+00:00\",\"breadcrumb\":{\"@id\":\"https:\\\/\\\/www.eceselinyuksel.com\\\/tr\\\/ajanda-2\\\/#breadcrumb\"},\"inLanguage\":\"tr\",\"potentialAction\":[{\"@type\":\"ReadAction\",\"target\":[\"https:\\\/\\\/www.eceselinyuksel.com\\\/tr\\\/ajanda-2\\\/\"]}]},{\"@type\":\"BreadcrumbList\",\"@id\":\"https:\\\/\\\/www.eceselinyuksel.com\\\/tr\\\/ajanda-2\\\/#breadcrumb\",\"itemListElement\":[{\"@type\":\"ListItem\",\"position\":1,\"name\":\"Anasayfa\",\"item\":\"https:\\\/\\\/www.eceselinyuksel.com\\\/tr\\\/\"},{\"@type\":\"ListItem\",\"position\":2,\"name\":\"Ajanda\"}]},{\"@type\":\"WebSite\",\"@id\":\"https:\\\/\\\/www.eceselinyuksel.com\\\/tr\\\/#website\",\"url\":\"https:\\\/\\\/www.eceselinyuksel.com\\\/tr\\\/\",\"name\":\"Ece Selin Y\u00fcksel\",\"description\":\"Fl\u00fctist Ece Selin Y\u00fcksel\",\"publisher\":{\"@id\":\"https:\\\/\\\/www.eceselinyuksel.com\\\/tr\\\/#\\\/schema\\\/person\\\/f831a368c0bb6a0df33a9e3f47c95ad5\"},\"potentialAction\":[{\"@type\":\"SearchAction\",\"target\":{\"@type\":\"EntryPoint\",\"urlTemplate\":\"https:\\\/\\\/www.eceselinyuksel.com\\\/tr\\\/?s={search_term_string}\"},\"query-input\":{\"@type\":\"PropertyValueSpecification\",\"valueRequired\":true,\"valueName\":\"search_term_string\"}}],\"inLanguage\":\"tr\"},{\"@type\":[\"Person\",\"Organization\"],\"@id\":\"https:\\\/\\\/www.eceselinyuksel.com\\\/tr\\\/#\\\/schema\\\/person\\\/f831a368c0bb6a0df33a9e3f47c95ad5\",\"name\":\"Ece Selin Y\u00fcksel\",\"image\":{\"@type\":\"ImageObject\",\"inLanguage\":\"tr\",\"@id\":\"https:\\\/\\\/www.eceselinyuksel.com\\\/tr\\\/wp-content\\\/uploads\\\/2026\\\/03\\\/EceSelinYukselLogoTR.webp\",\"url\":\"https:\\\/\\\/www.eceselinyuksel.com\\\/tr\\\/wp-content\\\/uploads\\\/2026\\\/03\\\/EceSelinYukselLogoTR.webp\",\"contentUrl\":\"https:\\\/\\\/www.eceselinyuksel.com\\\/tr\\\/wp-content\\\/uploads\\\/2026\\\/03\\\/EceSelinYukselLogoTR.webp\",\"width\":2500,\"height\":625,\"caption\":\"Ece Selin Y\u00fcksel\"},\"logo\":{\"@id\":\"https:\\\/\\\/www.eceselinyuksel.com\\\/tr\\\/wp-content\\\/uploads\\\/2026\\\/03\\\/EceSelinYukselLogoTR.webp\"}}]}<\/script>\n<!-- \/ Yoast SEO plugin. -->","yoast_head_json":{"title":"Ajanda - Ece Selin Y\u00fcksel","robots":{"index":"index","follow":"follow","max-snippet":"max-snippet:-1","max-image-preview":"max-image-preview:large","max-video-preview":"max-video-preview:-1"},"canonical":"https:\/\/www.eceselinyuksel.com\/tr\/ajanda-2\/","og_locale":"tr_TR","og_type":"article","og_title":"Ajanda - Ece Selin Y\u00fcksel","og_description":"Ajanda","og_url":"https:\/\/www.eceselinyuksel.com\/tr\/ajanda-2\/","og_site_name":"Ece Selin Y\u00fcksel","article_modified_time":"2026-03-18T13:54:58+00:00","twitter_card":"summary_large_image","schema":{"@context":"https:\/\/schema.org","@graph":[{"@type":"WebPage","@id":"https:\/\/www.eceselinyuksel.com\/tr\/ajanda-2\/","url":"https:\/\/www.eceselinyuksel.com\/tr\/ajanda-2\/","name":"Ajanda - Ece Selin Y\u00fcksel","isPartOf":{"@id":"https:\/\/www.eceselinyuksel.com\/tr\/#website"},"datePublished":"2026-03-08T16:16:23+00:00","dateModified":"2026-03-18T13:54:58+00:00","breadcrumb":{"@id":"https:\/\/www.eceselinyuksel.com\/tr\/ajanda-2\/#breadcrumb"},"inLanguage":"tr","potentialAction":[{"@type":"ReadAction","target":["https:\/\/www.eceselinyuksel.com\/tr\/ajanda-2\/"]}]},{"@type":"BreadcrumbList","@id":"https:\/\/www.eceselinyuksel.com\/tr\/ajanda-2\/#breadcrumb","itemListElement":[{"@type":"ListItem","position":1,"name":"Anasayfa","item":"https:\/\/www.eceselinyuksel.com\/tr\/"},{"@type":"ListItem","position":2,"name":"Ajanda"}]},{"@type":"WebSite","@id":"https:\/\/www.eceselinyuksel.com\/tr\/#website","url":"https:\/\/www.eceselinyuksel.com\/tr\/","name":"Ece Selin Y\u00fcksel","description":"Fl\u00fctist Ece Selin Y\u00fcksel","publisher":{"@id":"https:\/\/www.eceselinyuksel.com\/tr\/#\/schema\/person\/f831a368c0bb6a0df33a9e3f47c95ad5"},"potentialAction":[{"@type":"SearchAction","target":{"@type":"EntryPoint","urlTemplate":"https:\/\/www.eceselinyuksel.com\/tr\/?s={search_term_string}"},"query-input":{"@type":"PropertyValueSpecification","valueRequired":true,"valueName":"search_term_string"}}],"inLanguage":"tr"},{"@type":["Person","Organization"],"@id":"https:\/\/www.eceselinyuksel.com\/tr\/#\/schema\/person\/f831a368c0bb6a0df33a9e3f47c95ad5","name":"Ece Selin Y\u00fcksel","image":{"@type":"ImageObject","inLanguage":"tr","@id":"https:\/\/www.eceselinyuksel.com\/tr\/wp-content\/uploads\/2026\/03\/EceSelinYukselLogoTR.webp","url":"https:\/\/www.eceselinyuksel.com\/tr\/wp-content\/uploads\/2026\/03\/EceSelinYukselLogoTR.webp","contentUrl":"https:\/\/www.eceselinyuksel.com\/tr\/wp-content\/uploads\/2026\/03\/EceSelinYukselLogoTR.webp","width":2500,"height":625,"caption":"Ece Selin Y\u00fcksel"},"logo":{"@id":"https:\/\/www.eceselinyuksel.com\/tr\/wp-content\/uploads\/2026\/03\/EceSelinYukselLogoTR.webp"}}]}},"_links":{"self":[{"href":"https:\/\/www.eceselinyuksel.com\/tr\/wp-json\/wp\/v2\/pages\/655","targetHints":{"allow":["GET"]}}],"collection":[{"href":"https:\/\/www.eceselinyuksel.com\/tr\/wp-json\/wp\/v2\/pages"}],"about":[{"href":"https:\/\/www.eceselinyuksel.com\/tr\/wp-json\/wp\/v2\/types\/page"}],"author":[{"embeddable":true,"href":"https:\/\/www.eceselinyuksel.com\/tr\/wp-json\/wp\/v2\/users\/1"}],"replies":[{"embeddable":true,"href":"https:\/\/www.eceselinyuksel.com\/tr\/wp-json\/wp\/v2\/comments?post=655"}],"version-history":[{"count":12,"href":"https:\/\/www.eceselinyuksel.com\/tr\/wp-json\/wp\/v2\/pages\/655\/revisions"}],"predecessor-version":[{"id":753,"href":"https:\/\/www.eceselinyuksel.com\/tr\/wp-json\/wp\/v2\/pages\/655\/revisions\/753"}],"wp:attachment":[{"href":"https:\/\/www.eceselinyuksel.com\/tr\/wp-json\/wp\/v2\/media?parent=655"}],"curies":[{"name":"wp","href":"https:\/\/api.w.org\/{rel}","templated":true}]}}