{"id":644,"date":"2026-03-08T15:30:09","date_gmt":"2026-03-08T15:30:09","guid":{"rendered":"https:\/\/www.eceselinyuksel.com\/tr\/?page_id=644"},"modified":"2026-03-08T18:24:51","modified_gmt":"2026-03-08T18:24:51","slug":"biyografi-2","status":"publish","type":"page","link":"https:\/\/www.eceselinyuksel.com\/tr\/biyografi-2\/","title":{"rendered":"Biyografi"},"content":{"rendered":"<style>.kb-row-layout-wrap.wp-block-kadence-rowlayout.kb-row-layout-id645_e2a747-96{margin-top:0px;margin-bottom:0px;}.kb-row-layout-id645_e2a747-96 > .kt-row-column-wrap{align-content:center;}:where(.kb-row-layout-id645_e2a747-96 > .kt-row-column-wrap) > .wp-block-kadence-column{justify-content:center;}.kb-row-layout-id645_e2a747-96 > .kt-row-column-wrap{column-gap:var(--global-kb-gap-none, 0rem );row-gap:var(--global-kb-gap-md, 2rem);max-width:1290px;padding-top:0px;padding-bottom:var(--global-kb-spacing-5xl, 10rem);min-height:750px;grid-template-columns:minmax(0, calc(85% - ((var(--global-kb-gap-none, 0rem ) * 1 )\/2)))minmax(0, calc(15% - ((var(--global-kb-gap-none, 0rem ) * 1 )\/2)));}.kb-row-layout-id645_e2a747-96 > .kt-row-layout-overlay{opacity:0.00;background-color:var(--theme-palette-color-5, #e1e8ed);}@media all and (max-width: 1024px){.kb-row-layout-id645_e2a747-96 > .kt-row-column-wrap{padding-top:0px;padding-right:var(--global-kb-spacing-3xl, 6.5rem);padding-bottom:var(--global-kb-spacing-xl, 4rem);padding-left:var(--global-kb-spacing-xl, 4rem);grid-template-columns:minmax(0, calc(75% - ((var(--global-kb-gap-none, 0rem ) * 1 )\/2)))minmax(0, calc(25% - ((var(--global-kb-gap-none, 0rem ) * 1 )\/2)));}}@media all and (max-width: 767px){.kb-row-layout-id645_e2a747-96 > .kt-row-column-wrap{padding-right:var(--global-kb-spacing-xs, 1rem);padding-left:var(--global-kb-spacing-xs, 1rem);grid-template-columns:minmax(0, 1fr);}}<\/style><div class=\"kb-row-layout-wrap kb-row-layout-id645_e2a747-96 alignfull kt-row-has-bg wp-block-kadence-rowlayout\"><div class=\"kt-row-layout-overlay kt-row-overlay-normal\"><\/div><div class=\"kt-row-column-wrap kt-has-2-columns kt-row-layout-left-golden kt-tab-layout-left-golden kt-mobile-layout-row kt-row-valign-middle kb-theme-content-width\">\n<style>.kadence-column645_4af355-af > .kt-inside-inner-col,.kadence-column645_4af355-af > .kt-inside-inner-col:before{border-top-left-radius:0px;border-top-right-radius:0px;border-bottom-right-radius:0px;border-bottom-left-radius:0px;}.kadence-column645_4af355-af > .kt-inside-inner-col{column-gap:var(--global-kb-gap-sm, 1rem);}.kadence-column645_4af355-af > .kt-inside-inner-col{flex-direction:column;}.kadence-column645_4af355-af > .kt-inside-inner-col > .aligncenter{width:100%;}.kadence-column645_4af355-af > .kt-inside-inner-col:before{opacity:0.3;}.kadence-column645_4af355-af{position:relative;}@media all and (max-width: 1024px){.kadence-column645_4af355-af > .kt-inside-inner-col{flex-direction:column;justify-content:center;}}@media all and (max-width: 767px){.kadence-column645_4af355-af > .kt-inside-inner-col{flex-direction:column;justify-content:center;}}<\/style>\n<div class=\"wp-block-kadence-column kadence-column645_4af355-af\"><div class=\"kt-inside-inner-col\"><style>.wp-block-kadence-advancedheading.kt-adv-heading645_4e7b09-cd, .wp-block-kadence-advancedheading.kt-adv-heading645_4e7b09-cd[data-kb-block=\"kb-adv-heading645_4e7b09-cd\"]{font-style:normal;}.wp-block-kadence-advancedheading.kt-adv-heading645_4e7b09-cd mark.kt-highlight, .wp-block-kadence-advancedheading.kt-adv-heading645_4e7b09-cd[data-kb-block=\"kb-adv-heading645_4e7b09-cd\"] mark.kt-highlight{font-style:normal;color:#f76a0c;-webkit-box-decoration-break:clone;box-decoration-break:clone;padding-top:0px;padding-right:0px;padding-bottom:0px;padding-left:0px;}.wp-block-kadence-advancedheading.kt-adv-heading645_4e7b09-cd img.kb-inline-image, .wp-block-kadence-advancedheading.kt-adv-heading645_4e7b09-cd[data-kb-block=\"kb-adv-heading645_4e7b09-cd\"] img.kb-inline-image{width:150px;vertical-align:baseline;}<\/style>\n<h2 class=\"kt-adv-heading645_4e7b09-cd wp-block-kadence-advancedheading\" data-kb-block=\"kb-adv-heading645_4e7b09-cd\">Konser Fl\u00fctisti \u2013 E\u011fitmen<\/h2>\n\n\n<style>.wp-block-kadence-advancedheading.kt-adv-heading645_b3968d-df, .wp-block-kadence-advancedheading.kt-adv-heading645_b3968d-df[data-kb-block=\"kb-adv-heading645_b3968d-df\"]{font-style:normal;}.wp-block-kadence-advancedheading.kt-adv-heading645_b3968d-df mark.kt-highlight, .wp-block-kadence-advancedheading.kt-adv-heading645_b3968d-df[data-kb-block=\"kb-adv-heading645_b3968d-df\"] mark.kt-highlight{font-style:normal;color:#f76a0c;-webkit-box-decoration-break:clone;box-decoration-break:clone;padding-top:0px;padding-right:0px;padding-bottom:0px;padding-left:0px;}.wp-block-kadence-advancedheading.kt-adv-heading645_b3968d-df img.kb-inline-image, .wp-block-kadence-advancedheading.kt-adv-heading645_b3968d-df[data-kb-block=\"kb-adv-heading645_b3968d-df\"] img.kb-inline-image{width:150px;vertical-align:baseline;}<\/style>\n<p class=\"kt-adv-heading645_b3968d-df wp-block-kadence-advancedheading\" data-kb-block=\"kb-adv-heading645_b3968d-df\">Ece Selin Y\u00fcksel, \u0130stanbul do\u011fumlu ve Paris merkezli bir fl\u00fctisttir. Solist, oda m\u00fczi\u011fi sanat\u00e7\u0131s\u0131 ve orkestra m\u00fczisyeni olarak sahne almakta; ayn\u0131 zamanda \u00c9cole Normale de Musique de Paris\u2019te asistan \u00f6\u011fretmen olarak g\u00f6rev yapmaktad\u0131r.<br>&nbsp;<br>Solist olarak Baden-Baden Filarmoni Orkestras\u0131, Mersin \u00dcniversitesi Devlet Konservatuvar\u0131 Orkestras\u0131 ve Cemal Re\u015fit Rey Gen\u00e7lik Oda Orkestras\u0131 ile sahne alm\u0131\u015ft\u0131r. Solistlik kariyerine 18 ya\u015f\u0131nda, Aram Khachaturian Fl\u00fct Kon\u00e7ertosu ile ad\u0131m atm\u0131\u015ft\u0131r. Orkestra \u00e7al\u0131\u015fmalar\u0131nda ayr\u0131ca Orchestre de Palais Royal, Berlin Opera Academy ve Orchestre Philharmonique M\u00e9tamorphoses ile yer alm\u0131\u015ft\u0131r.<br>&nbsp;<br>Fransa\u2019da ve uluslararas\u0131 alanda, \u00f6zellikle \u0130talya, Almanya, \u0130ngiltere ve genel olarak Avrupa\u2019da konserler vermektedir. Paris\u2019te Salle Gaveau, Cirque d\u2019Hiver, La Madeleine, Petit Palais ve Th\u00e9\u00e2tre de la Concorde gibi \u00f6nemli sahnelerde yer alm\u0131\u015ft\u0131r. Ayr\u0131ca Just Flutes Festival ve 6. Fl\u00fct Konvansiyonu gibi festivallerde de sahne alm\u0131\u015ft\u0131r.&nbsp;&nbsp;&nbsp;&nbsp; \u00c9cole Normale de Musique de Paris Alfred Cortot\u2019da, Jean Ferrandis\u2019nin s\u0131n\u0131f\u0131nda tamamlad\u0131\u011f\u0131 Dipl\u00f4me Sup\u00e9rieur de Concertiste \/ Artist Diploma e\u011fitiminin ard\u0131ndan, Tr\u00e8stish Flute Society Flute Competition, Auguste Holm\u00e8s Yar\u0131\u015fmas\u0131, 1. \u0130zmir Ulusal Fl\u00fct Yar\u0131\u015fmas\u0131 ve AKOB Oda M\u00fczi\u011fi Yar\u0131\u015fmas\u0131\u2019nda dereceler elde etmi\u015ftir. 2025 y\u0131l\u0131nda Bulgaristan\u2019daki Moyse Yar\u0131\u015fmas\u0131\u2019nda finalist, Dutch ve Cimarosa yar\u0131\u015fmalar\u0131nda ise yar\u0131 finalist olmu\u015ftur.<br>&nbsp;<br>\u00c9cole Normale de Musique de Paris Alfred Cortot\u2019da, Jean Ferrandis\u2019nin s\u0131n\u0131f\u0131nda tamamlad\u0131\u011f\u0131 Dipl\u00f4me Sup\u00e9rieur de Concertiste \/ Artist Diploma e\u011fitiminin ard\u0131ndan, \u00c7ok iyi derece, j\u00fcri tebrik ve oybirli\u011fi ile mezun olmu\u015ftur. H\u00e2len Vincent Lucas\u2019n\u0131n s\u0131n\u0131f\u0131nda, P\u00f4le Sup\u00e9rieur de Boulogne-Billancourt \/ Sorbonne \u00dcniversitesi b\u00fcnyesinde DNSPM (Ulusal Y\u00fcksek Profesyonel M\u00fczisyen Diplomas\u0131) ve Fl\u00fct \u00d6\u011fretmenli\u011fi Devlet Diplomas\u0131 (DE) e\u011fitimine devam etmektedir.<br>&nbsp;<br>Ayr\u0131ca Ankara M\u00fczik ve G\u00fczel Sanatlar \u00dcniversitesi\u2019nde, Halit Turgay\u2019\u0131n s\u0131n\u0131f\u0131nda, \u201c\u00c7a\u011fda\u015f Fl\u00fct\u00e7\u00fc-Besteci Ian Clarke\u2019\u0131n Fl\u00fct \u00c7alma Sanat\u0131 ve Literat\u00fcr\u00fcne Katk\u0131lar\u0131\u201d ba\u015fl\u0131kl\u0131 teziyle y\u00fcksek lisans e\u011fitimini tamamlam\u0131\u015ft\u0131r. H\u00e2len \u0130stanbul \u00dcniversitesi\u2019nde doktora \u00e7al\u0131\u015fmalar\u0131n\u0131 s\u00fcrd\u00fcrmekte; ara\u015ft\u0131rmalar\u0131n\u0131 performansa haz\u0131rl\u0131k s\u00fcreci \u00fczerine y\u00fcr\u00fctmektedir.<br>&nbsp;<br>Sanatsal geli\u015fimi, William Bennett, Emmanuel Pahud, Juliette Hurel, Julien Beaudiment, Emily Beynon, Carol Wincenc, Andreas Blau, Petri Alanko, Mario Caroli ve Lorna McGhee ile ger\u00e7ekle\u015ftirdi\u011fi ustal\u0131k s\u0131n\u0131flar\u0131yla zenginle\u015fmi\u015ftir. Halit Turgay\u2019\u0131n Cappadocia adl\u0131 alb\u00fcm\u00fcnde yer alm\u0131\u015f; bu kay\u0131t 2025 y\u0131l\u0131nda yay\u0131mlanm\u0131\u015ft\u0131r.<br>&nbsp;<br>Ayr\u0131ca \u00c9cole Prizma de Boulogne-Billancourt, Musique des \u00c9toiles ve Acad\u00e9mie Inter Musicale de Paris\u2019te e\u011fitim vermektedir. Paris Flute Studio\u2019nun kurucusudur.<\/p>\n<\/div><\/div>\n\n\n<style>.kadence-column645_e2fce0-df > .kt-inside-inner-col{display:flex;}.kadence-column645_e2fce0-df > .kt-inside-inner-col,.kadence-column645_e2fce0-df > .kt-inside-inner-col:before{border-top-left-radius:0px;border-top-right-radius:0px;border-bottom-right-radius:0px;border-bottom-left-radius:0px;}.kadence-column645_e2fce0-df > .kt-inside-inner-col{column-gap:var(--global-kb-gap-sm, 1rem);}.kadence-column645_e2fce0-df > .kt-inside-inner-col{flex-direction:column;justify-content:flex-start;}.kadence-column645_e2fce0-df > .kt-inside-inner-col > .aligncenter{width:100%;}.kt-row-column-wrap > .kadence-column645_e2fce0-df{align-self:flex-start;}.kt-inner-column-height-full:not(.kt-has-1-columns) > .wp-block-kadence-column.kadence-column645_e2fce0-df{align-self:auto;}.kt-inner-column-height-full:not(.kt-has-1-columns) > .wp-block-kadence-column.kadence-column645_e2fce0-df > .kt-inside-inner-col{flex-direction:column;justify-content:flex-start;}.kadence-column645_e2fce0-df > .kt-inside-inner-col:before{opacity:0.3;}.kadence-column645_e2fce0-df{position:relative;}@media all and (max-width: 1024px){.kt-row-column-wrap > .kadence-column645_e2fce0-df{align-self:flex-start;}}@media all and (max-width: 1024px){.kt-inner-column-height-full:not(.kt-has-1-columns) > .wp-block-kadence-column.kadence-column645_e2fce0-df{align-self:auto;}}@media all and (max-width: 1024px){.kt-inner-column-height-full:not(.kt-has-1-columns) > .wp-block-kadence-column.kadence-column645_e2fce0-df > .kt-inside-inner-col{flex-direction:column;justify-content:flex-start;}}@media all and (max-width: 1024px){.kadence-column645_e2fce0-df > .kt-inside-inner-col{flex-direction:column;justify-content:flex-start;}}@media all and (max-width: 767px){.kt-row-column-wrap > .kadence-column645_e2fce0-df{align-self:flex-start;}.kt-inner-column-height-full:not(.kt-has-1-columns) > .wp-block-kadence-column.kadence-column645_e2fce0-df{align-self:auto;}.kt-inner-column-height-full:not(.kt-has-1-columns) > .wp-block-kadence-column.kadence-column645_e2fce0-df > .kt-inside-inner-col{flex-direction:column;justify-content:flex-start;}.kadence-column645_e2fce0-df > .kt-inside-inner-col{flex-direction:column;justify-content:flex-start;}}<\/style>\n<div class=\"wp-block-kadence-column kadence-column645_e2fce0-df kvs-md-false kvs-sm-false\"><div class=\"kt-inside-inner-col\"><style>.wp-block-kadence-navigation638-cpt-id{--kb-nav-dropdown-border-top-left-radius:0px;--kb-nav-dropdown-border-top-right-radius:0px;--kb-nav-dropdown-border-bottom-right-radius:0px;--kb-nav-dropdown-border-bottom-left-radius:0px;--kb-nav-dropdown-border-radius-top:0px;--kb-nav-dropdown-border-radius-right:0px;--kb-nav-dropdown-border-radius-bottom:0px;--kb-nav-dropdown-border-radius-left:0px;--kb-nav-top-not-last-link-border-right:var(--kb-nav-link-border-right);}.header-desktop-transparent .wp-block-kadence-navigation638-cpt-id{--kb-nav-top-not-last-link-border-right:var(--kb-nav-link-border-right);}.item-is-stuck .wp-block-kadence-navigation638-cpt-id{--kb-nav-top-not-last-link-border-right:var(--kb-nav-link-border-right);}@media all and (max-width: 1024px){.wp-block-kadence-navigation638-cpt-id{--kb-nav-top-not-last-link-border-right:var(--kb-nav-link-border-right);}}@media all and (max-width: 1024px){.header-tablet-transparent .wp-block-kadence-navigation638-cpt-id{--kb-nav-top-not-last-link-border-right:var(--kb-nav-link-border-right);}}@media all and (max-width: 1024px){.item-is-stuck .wp-block-kadence-navigation638-cpt-id{--kb-nav-top-not-last-link-border-right:var(--kb-nav-link-border-right);}}@media all and (max-width: 767px){.wp-block-kadence-navigation638-cpt-id{--kb-nav-column-gap:2.4em;--kb-nav-top-not-last-link-border-right:var(--kb-nav-link-border-right);}.header-mobile-transparent .wp-block-kadence-navigation638-cpt-id{--kb-nav-top-not-last-link-border-right:var(--kb-nav-link-border-right);}.item-is-stuck .wp-block-kadence-navigation638-cpt-id{--kb-nav-top-not-last-link-border-right:var(--kb-nav-link-border-right);}}<\/style><div class=\"wp-block-kadence-navigation638-cpt-id kb-nav-desktop-horizontal-layout-standard kb-nav-tablet-horizontal-layout-standard kb-nav-mobile-horizontal-layout-standard navigation-desktop-layout-fill-stretch-false navigation-tablet-layout-fill-stretch-false navigation-mobile-layout-fill-stretch-false navigation-desktop-orientation-vertical navigation-tablet-orientation-vertical navigation-mobile-orientation-vertical wp-block-kadence-navigation\" data-scroll-spy=\"\"><nav class=\"navigation navigation-desktop-style-standard navigation-tablet-style-standard navigation-mobile-style-standard navigation-desktop-dropdown-animation-none navigation-tablet-dropdown-animation-none navigation-mobile-dropdown-animation-none navigation-desktop-collapse-sub-menus-true navigation-tablet-collapse-sub-menus-true navigation-mobile-collapse-sub-menus-true navigation-desktop-parent-toggles-menus-false navigation-tablet-parent-toggles-menus-false navigation-mobile-parent-toggles-menus-false navigation-desktop-parent-active-false navigation-tablet-parent-active-false navigation-mobile-parent-active-false\"><div class=\"menu-container\"><ul class=\"kb-navigation menu collapse-sub-nav-desktop-true collapse-sub-nav-tablet-true collapse-sub-nav-mobile-true\">\n<style>.kb-nav-link-661_13ce6e-49 > .kb-link-wrap.kb-link-wrap.kb-link-wrap.kb-link-wrap{--kb-nav-link-highlight-order:3;--kb-nav-link-highlight-icon-order:3;--kb-nav-link-align:right;--kb-nav-link-flex-justify:end;--kb-nav-link-media-container-align-self:end;--kb-nav-link-flex-align:end;}.kb-nav-link-661_13ce6e-49 > .kb-link-wrap.kb-link-wrap.kb-link-wrap.kb-link-wrap{--kb-nav-link-media-max-width:px;}<\/style><li class=\"wp-block-kadence-navigation-link kb-nav-link-661_13ce6e-49 menu-item wp-block-kadence-navigation-link\"><div class=\"kb-link-wrap\"><a class=\"kb-nav-link-content\" href=\"https:\/\/www.eceselinyuksel.com\/tr\/biyografi-2\/\">Biyografi<\/a><\/div><\/li>\n\n<style>.kb-nav-link-661_c49b1b-7b > .kb-link-wrap.kb-link-wrap.kb-link-wrap.kb-link-wrap{--kb-nav-link-highlight-order:3;--kb-nav-link-highlight-icon-order:3;--kb-nav-link-align:right;--kb-nav-link-flex-justify:end;--kb-nav-link-media-container-align-self:end;--kb-nav-link-flex-align:end;}.kb-nav-link-661_c49b1b-7b > .kb-link-wrap.kb-link-wrap.kb-link-wrap.kb-link-wrap{--kb-nav-link-media-max-width:px;}<\/style><li class=\"wp-block-kadence-navigation-link kb-nav-link-661_c49b1b-7b menu-item wp-block-kadence-navigation-link\"><div class=\"kb-link-wrap\"><a class=\"kb-nav-link-content\" href=\"https:\/\/www.eceselinyuksel.com\/tr\/ajanda-2\/\">Ajanda<\/a><\/div><\/li>\n\n<style>.kb-nav-link-ni6zw4si0 > .kb-link-wrap.kb-link-wrap.kb-link-wrap.kb-link-wrap{--kb-nav-link-highlight-order:3;--kb-nav-link-highlight-icon-order:3;--kb-nav-link-align:right;--kb-nav-link-flex-justify:end;--kb-nav-link-media-container-align-self:end;--kb-nav-link-flex-align:end;}.kb-nav-link-ni6zw4si0 > .kb-link-wrap.kb-link-wrap.kb-link-wrap.kb-link-wrap{--kb-nav-link-media-max-width:px;}<\/style><li class=\"wp-block-kadence-navigation-link kb-nav-link-ni6zw4si0 menu-item wp-block-kadence-navigation-link\"><div class=\"kb-link-wrap\"><a class=\"kb-nav-link-content\" href=\"https:\/\/www.eceselinyuksel.com\/tr\/ajanda-2-2\/\">Dersler<\/a><\/div><\/li>\n<\/ul><\/div><\/nav><\/div>\n\n\n<div class=\"wp-block-stackable-spacer stk-block-spacer stk--no-padding stk-block stk-93bf6c8\" data-block-id=\"93bf6c8\"><style>.stk-93bf6c8 {height:500px !important;}<\/style><\/div>\n<\/div><\/div>\n\n<\/div><\/div>","protected":false},"excerpt":{"rendered":"","protected":false},"author":1,"featured_media":0,"parent":0,"menu_order":0,"comment_status":"closed","ping_status":"closed","template":"","meta":{"footnotes":""},"class_list":["post-644","page","type-page","status-publish","hentry"],"blocksy_meta":{"has_hero_section":"disabled","styles_descriptor":{"styles":{"desktop":"","tablet":"","mobile":""},"google_fonts":[],"version":6}},"yoast_head":"<!-- This site is optimized with the Yoast SEO plugin v27.3 - https:\/\/yoast.com\/product\/yoast-seo-wordpress\/ -->\n<title>Biyografi - Ece Selin Y\u00fcksel<\/title>\n<meta name=\"robots\" content=\"index, follow, max-snippet:-1, max-image-preview:large, max-video-preview:-1\" \/>\n<link rel=\"canonical\" href=\"https:\/\/www.eceselinyuksel.com\/tr\/biyografi-2\/\" \/>\n<meta property=\"og:locale\" content=\"tr_TR\" \/>\n<meta property=\"og:type\" content=\"article\" \/>\n<meta property=\"og:title\" content=\"Biyografi - Ece Selin Y\u00fcksel\" \/>\n<meta property=\"og:url\" content=\"https:\/\/www.eceselinyuksel.com\/tr\/biyografi-2\/\" \/>\n<meta property=\"og:site_name\" content=\"Ece Selin Y\u00fcksel\" \/>\n<meta property=\"article:modified_time\" content=\"2026-03-08T18:24:51+00:00\" \/>\n<meta name=\"twitter:card\" content=\"summary_large_image\" \/>\n<script type=\"application\/ld+json\" class=\"yoast-schema-graph\">{\"@context\":\"https:\\\/\\\/schema.org\",\"@graph\":[{\"@type\":\"WebPage\",\"@id\":\"https:\\\/\\\/www.eceselinyuksel.com\\\/tr\\\/biyografi-2\\\/\",\"url\":\"https:\\\/\\\/www.eceselinyuksel.com\\\/tr\\\/biyografi-2\\\/\",\"name\":\"Biyografi - Ece Selin Y\u00fcksel\",\"isPartOf\":{\"@id\":\"https:\\\/\\\/www.eceselinyuksel.com\\\/tr\\\/#website\"},\"datePublished\":\"2026-03-08T15:30:09+00:00\",\"dateModified\":\"2026-03-08T18:24:51+00:00\",\"breadcrumb\":{\"@id\":\"https:\\\/\\\/www.eceselinyuksel.com\\\/tr\\\/biyografi-2\\\/#breadcrumb\"},\"inLanguage\":\"tr\",\"potentialAction\":[{\"@type\":\"ReadAction\",\"target\":[\"https:\\\/\\\/www.eceselinyuksel.com\\\/tr\\\/biyografi-2\\\/\"]}]},{\"@type\":\"BreadcrumbList\",\"@id\":\"https:\\\/\\\/www.eceselinyuksel.com\\\/tr\\\/biyografi-2\\\/#breadcrumb\",\"itemListElement\":[{\"@type\":\"ListItem\",\"position\":1,\"name\":\"Anasayfa\",\"item\":\"https:\\\/\\\/www.eceselinyuksel.com\\\/tr\\\/\"},{\"@type\":\"ListItem\",\"position\":2,\"name\":\"Biyografi\"}]},{\"@type\":\"WebSite\",\"@id\":\"https:\\\/\\\/www.eceselinyuksel.com\\\/tr\\\/#website\",\"url\":\"https:\\\/\\\/www.eceselinyuksel.com\\\/tr\\\/\",\"name\":\"Ece Selin Y\u00fcksel\",\"description\":\"Fl\u00fctist Ece Selin Y\u00fcksel\",\"publisher\":{\"@id\":\"https:\\\/\\\/www.eceselinyuksel.com\\\/tr\\\/#\\\/schema\\\/person\\\/f831a368c0bb6a0df33a9e3f47c95ad5\"},\"potentialAction\":[{\"@type\":\"SearchAction\",\"target\":{\"@type\":\"EntryPoint\",\"urlTemplate\":\"https:\\\/\\\/www.eceselinyuksel.com\\\/tr\\\/?s={search_term_string}\"},\"query-input\":{\"@type\":\"PropertyValueSpecification\",\"valueRequired\":true,\"valueName\":\"search_term_string\"}}],\"inLanguage\":\"tr\"},{\"@type\":[\"Person\",\"Organization\"],\"@id\":\"https:\\\/\\\/www.eceselinyuksel.com\\\/tr\\\/#\\\/schema\\\/person\\\/f831a368c0bb6a0df33a9e3f47c95ad5\",\"name\":\"Ece Selin Y\u00fcksel\",\"image\":{\"@type\":\"ImageObject\",\"inLanguage\":\"tr\",\"@id\":\"https:\\\/\\\/www.eceselinyuksel.com\\\/tr\\\/wp-content\\\/uploads\\\/2026\\\/03\\\/EceSelinYukselLogoTR.webp\",\"url\":\"https:\\\/\\\/www.eceselinyuksel.com\\\/tr\\\/wp-content\\\/uploads\\\/2026\\\/03\\\/EceSelinYukselLogoTR.webp\",\"contentUrl\":\"https:\\\/\\\/www.eceselinyuksel.com\\\/tr\\\/wp-content\\\/uploads\\\/2026\\\/03\\\/EceSelinYukselLogoTR.webp\",\"width\":2500,\"height\":625,\"caption\":\"Ece Selin Y\u00fcksel\"},\"logo\":{\"@id\":\"https:\\\/\\\/www.eceselinyuksel.com\\\/tr\\\/wp-content\\\/uploads\\\/2026\\\/03\\\/EceSelinYukselLogoTR.webp\"}}]}<\/script>\n<!-- \/ Yoast SEO plugin. -->","yoast_head_json":{"title":"Biyografi - Ece Selin Y\u00fcksel","robots":{"index":"index","follow":"follow","max-snippet":"max-snippet:-1","max-image-preview":"max-image-preview:large","max-video-preview":"max-video-preview:-1"},"canonical":"https:\/\/www.eceselinyuksel.com\/tr\/biyografi-2\/","og_locale":"tr_TR","og_type":"article","og_title":"Biyografi - Ece Selin Y\u00fcksel","og_url":"https:\/\/www.eceselinyuksel.com\/tr\/biyografi-2\/","og_site_name":"Ece Selin Y\u00fcksel","article_modified_time":"2026-03-08T18:24:51+00:00","twitter_card":"summary_large_image","schema":{"@context":"https:\/\/schema.org","@graph":[{"@type":"WebPage","@id":"https:\/\/www.eceselinyuksel.com\/tr\/biyografi-2\/","url":"https:\/\/www.eceselinyuksel.com\/tr\/biyografi-2\/","name":"Biyografi - Ece Selin Y\u00fcksel","isPartOf":{"@id":"https:\/\/www.eceselinyuksel.com\/tr\/#website"},"datePublished":"2026-03-08T15:30:09+00:00","dateModified":"2026-03-08T18:24:51+00:00","breadcrumb":{"@id":"https:\/\/www.eceselinyuksel.com\/tr\/biyografi-2\/#breadcrumb"},"inLanguage":"tr","potentialAction":[{"@type":"ReadAction","target":["https:\/\/www.eceselinyuksel.com\/tr\/biyografi-2\/"]}]},{"@type":"BreadcrumbList","@id":"https:\/\/www.eceselinyuksel.com\/tr\/biyografi-2\/#breadcrumb","itemListElement":[{"@type":"ListItem","position":1,"name":"Anasayfa","item":"https:\/\/www.eceselinyuksel.com\/tr\/"},{"@type":"ListItem","position":2,"name":"Biyografi"}]},{"@type":"WebSite","@id":"https:\/\/www.eceselinyuksel.com\/tr\/#website","url":"https:\/\/www.eceselinyuksel.com\/tr\/","name":"Ece Selin Y\u00fcksel","description":"Fl\u00fctist Ece Selin Y\u00fcksel","publisher":{"@id":"https:\/\/www.eceselinyuksel.com\/tr\/#\/schema\/person\/f831a368c0bb6a0df33a9e3f47c95ad5"},"potentialAction":[{"@type":"SearchAction","target":{"@type":"EntryPoint","urlTemplate":"https:\/\/www.eceselinyuksel.com\/tr\/?s={search_term_string}"},"query-input":{"@type":"PropertyValueSpecification","valueRequired":true,"valueName":"search_term_string"}}],"inLanguage":"tr"},{"@type":["Person","Organization"],"@id":"https:\/\/www.eceselinyuksel.com\/tr\/#\/schema\/person\/f831a368c0bb6a0df33a9e3f47c95ad5","name":"Ece Selin Y\u00fcksel","image":{"@type":"ImageObject","inLanguage":"tr","@id":"https:\/\/www.eceselinyuksel.com\/tr\/wp-content\/uploads\/2026\/03\/EceSelinYukselLogoTR.webp","url":"https:\/\/www.eceselinyuksel.com\/tr\/wp-content\/uploads\/2026\/03\/EceSelinYukselLogoTR.webp","contentUrl":"https:\/\/www.eceselinyuksel.com\/tr\/wp-content\/uploads\/2026\/03\/EceSelinYukselLogoTR.webp","width":2500,"height":625,"caption":"Ece Selin Y\u00fcksel"},"logo":{"@id":"https:\/\/www.eceselinyuksel.com\/tr\/wp-content\/uploads\/2026\/03\/EceSelinYukselLogoTR.webp"}}]}},"_links":{"self":[{"href":"https:\/\/www.eceselinyuksel.com\/tr\/wp-json\/wp\/v2\/pages\/644","targetHints":{"allow":["GET"]}}],"collection":[{"href":"https:\/\/www.eceselinyuksel.com\/tr\/wp-json\/wp\/v2\/pages"}],"about":[{"href":"https:\/\/www.eceselinyuksel.com\/tr\/wp-json\/wp\/v2\/types\/page"}],"author":[{"embeddable":true,"href":"https:\/\/www.eceselinyuksel.com\/tr\/wp-json\/wp\/v2\/users\/1"}],"replies":[{"embeddable":true,"href":"https:\/\/www.eceselinyuksel.com\/tr\/wp-json\/wp\/v2\/comments?post=644"}],"version-history":[{"count":3,"href":"https:\/\/www.eceselinyuksel.com\/tr\/wp-json\/wp\/v2\/pages\/644\/revisions"}],"predecessor-version":[{"id":935,"href":"https:\/\/www.eceselinyuksel.com\/tr\/wp-json\/wp\/v2\/pages\/644\/revisions\/935"}],"wp:attachment":[{"href":"https:\/\/www.eceselinyuksel.com\/tr\/wp-json\/wp\/v2\/media?parent=644"}],"curies":[{"name":"wp","href":"https:\/\/api.w.org\/{rel}","templated":true}]}}