{"id":644,"date":"2026-03-08T15:30:09","date_gmt":"2026-03-08T15:30:09","guid":{"rendered":"https:\/\/www.eceselinyuksel.com\/fr\/?page_id=644"},"modified":"2026-03-20T22:03:57","modified_gmt":"2026-03-20T21:03:57","slug":"biyografi-2","status":"publish","type":"page","link":"https:\/\/www.eceselinyuksel.com\/fr\/biyografi-2\/","title":{"rendered":"Biographie"},"content":{"rendered":"<style>.kb-row-layout-wrap.wp-block-kadence-rowlayout.kb-row-layout-id645_b15672-72{margin-top:0px;margin-bottom:0px;}.kb-row-layout-id645_b15672-72 > .kt-row-column-wrap{align-content:center;}:where(.kb-row-layout-id645_b15672-72 > .kt-row-column-wrap) > .wp-block-kadence-column{justify-content:center;}.kb-row-layout-id645_b15672-72 > .kt-row-column-wrap{column-gap:var(--global-kb-gap-none, 0rem );row-gap:var(--global-kb-gap-md, 2rem);max-width:1290px;padding-top:0px;padding-bottom:var(--global-kb-spacing-5xl, 10rem);min-height:750px;grid-template-columns:minmax(0, calc(85% - ((var(--global-kb-gap-none, 0rem ) * 1 )\/2)))minmax(0, calc(15% - ((var(--global-kb-gap-none, 0rem ) * 1 )\/2)));}.kb-row-layout-id645_b15672-72 > .kt-row-layout-overlay{opacity:0.00;background-color:var(--theme-palette-color-5, #e1e8ed);}@media all and (max-width: 1024px){.kb-row-layout-id645_b15672-72 > .kt-row-column-wrap{padding-top:0px;padding-right:var(--global-kb-spacing-3xl, 6.5rem);padding-bottom:var(--global-kb-spacing-xl, 4rem);padding-left:var(--global-kb-spacing-xl, 4rem);grid-template-columns:minmax(0, calc(75% - ((var(--global-kb-gap-none, 0rem ) * 1 )\/2)))minmax(0, calc(25% - ((var(--global-kb-gap-none, 0rem ) * 1 )\/2)));}}@media all and (max-width: 767px){.kb-row-layout-id645_b15672-72 > .kt-row-column-wrap{padding-right:var(--global-kb-spacing-xs, 1rem);padding-left:var(--global-kb-spacing-xs, 1rem);grid-template-columns:minmax(0, 1fr);}}<\/style><div class=\"kb-row-layout-wrap kb-row-layout-id645_b15672-72 alignfull kt-row-has-bg wp-block-kadence-rowlayout\"><div class=\"kt-row-layout-overlay kt-row-overlay-normal\"><\/div><div class=\"kt-row-column-wrap kt-has-2-columns kt-row-layout-left-golden kt-tab-layout-left-golden kt-mobile-layout-row kt-row-valign-middle kb-theme-content-width\">\n<style>.kadence-column645_fc0f74-b2 > .kt-inside-inner-col,.kadence-column645_fc0f74-b2 > .kt-inside-inner-col:before{border-top-left-radius:0px;border-top-right-radius:0px;border-bottom-right-radius:0px;border-bottom-left-radius:0px;}.kadence-column645_fc0f74-b2 > .kt-inside-inner-col{column-gap:var(--global-kb-gap-sm, 1rem);}.kadence-column645_fc0f74-b2 > .kt-inside-inner-col{flex-direction:column;}.kadence-column645_fc0f74-b2 > .kt-inside-inner-col > .aligncenter{width:100%;}.kadence-column645_fc0f74-b2 > .kt-inside-inner-col:before{opacity:0.3;}.kadence-column645_fc0f74-b2{position:relative;}@media all and (max-width: 1024px){.kadence-column645_fc0f74-b2 > .kt-inside-inner-col{flex-direction:column;justify-content:center;}}@media all and (max-width: 767px){.kadence-column645_fc0f74-b2 > .kt-inside-inner-col{flex-direction:column;justify-content:center;}}<\/style>\n<div class=\"wp-block-kadence-column kadence-column645_fc0f74-b2\"><div class=\"kt-inside-inner-col\"><style>.wp-block-kadence-advancedheading.kt-adv-heading645_b970fb-94, .wp-block-kadence-advancedheading.kt-adv-heading645_b970fb-94[data-kb-block=\"kb-adv-heading645_b970fb-94\"]{font-style:normal;}.wp-block-kadence-advancedheading.kt-adv-heading645_b970fb-94 mark.kt-highlight, .wp-block-kadence-advancedheading.kt-adv-heading645_b970fb-94[data-kb-block=\"kb-adv-heading645_b970fb-94\"] mark.kt-highlight{font-style:normal;color:#f76a0c;-webkit-box-decoration-break:clone;box-decoration-break:clone;padding-top:0px;padding-right:0px;padding-bottom:0px;padding-left:0px;}.wp-block-kadence-advancedheading.kt-adv-heading645_b970fb-94 img.kb-inline-image, .wp-block-kadence-advancedheading.kt-adv-heading645_b970fb-94[data-kb-block=\"kb-adv-heading645_b970fb-94\"] img.kb-inline-image{width:150px;vertical-align:baseline;}<\/style>\n<h2 class=\"kt-adv-heading645_b970fb-94 wp-block-kadence-advancedheading\" data-kb-block=\"kb-adv-heading645_b970fb-94\">Fl\u00fbtiste concertiste \u2013 Professeure<\/h2>\n\n\n<style>.wp-block-kadence-advancedheading.kt-adv-heading645_6f5f2b-89, .wp-block-kadence-advancedheading.kt-adv-heading645_6f5f2b-89[data-kb-block=\"kb-adv-heading645_6f5f2b-89\"]{font-style:normal;}.wp-block-kadence-advancedheading.kt-adv-heading645_6f5f2b-89 mark.kt-highlight, .wp-block-kadence-advancedheading.kt-adv-heading645_6f5f2b-89[data-kb-block=\"kb-adv-heading645_6f5f2b-89\"] mark.kt-highlight{font-style:normal;color:#f76a0c;-webkit-box-decoration-break:clone;box-decoration-break:clone;padding-top:0px;padding-right:0px;padding-bottom:0px;padding-left:0px;}.wp-block-kadence-advancedheading.kt-adv-heading645_6f5f2b-89 img.kb-inline-image, .wp-block-kadence-advancedheading.kt-adv-heading645_6f5f2b-89[data-kb-block=\"kb-adv-heading645_6f5f2b-89\"] img.kb-inline-image{width:150px;vertical-align:baseline;}<\/style>\n<p class=\"kt-adv-heading645_6f5f2b-89 wp-block-kadence-advancedheading\" data-kb-block=\"kb-adv-heading645_6f5f2b-89\">Ece Selin Y\u00fcksel est une fl\u00fbtiste n\u00e9e \u00e0 Istanbul et bas\u00e9e \u00e0 Paris. Elle se produit en soliste, en musique de chambre et \u00e0 l\u2019orchestre, et est professeure assistante \u00e0 l\u2019\u00c9cole Normale de Musique de Paris.<br>Elle se produit en soliste avec la Baden-Baden Philharmonie, l\u2019Orchestre du conservatoire national de l\u2019Universit\u00e9 de Mersin et l\u2019Orchestre de Chambre des Jeunes de Cemal Re\u015fit Rey, apr\u00e8s avoir fait ses d\u00e9buts de soliste avec le Concerto pour fl\u00fbte d\u2019Aram Khachaturian \u00e0 18 ans. Son parcours orchestral comprend \u00e9galement l\u2019Orchestre de Palais Royal, la Berlin Opera Academy et l\u2019Orchestre Philharmonique M\u00e9tamorphoses.<br>Elle se produit en France et \u00e0 l\u2019international, notamment en Italie, en Allemagne, en Angleterre et plus largement en Europe. Elle s\u2019est produite sur des sc\u00e8nes telles que Salle Gaveau, Cirque d\u2019Hiver, La Madeleine, Petit Palais et Th\u00e9\u00e2tre de la Concorde \u00e0 Paris. Elle a \u00e9galement jou\u00e9 \u00e0 des festivals tels que le Just Flutes Festival et la 6e Convention de fl\u00fbte traversi\u00e8re. Son activit\u00e9 comprend aussi des performances au piccolo, \u00e0 la fl\u00fbte alto et \u00e0 la fl\u00fbte basse.<br>Laur\u00e9ate de plusieurs concours en France, au Royaume-Uni et en Turquie, elle a notamment \u00e9t\u00e9 distingu\u00e9e au British Flute Society Flute Competition, au Concours Auguste Holm\u00e8s, au 1er Concours National de Fl\u00fbte d\u2019Izmir et au Concours de musique de chambre AKOB ; elle a \u00e9galement \u00e9t\u00e9 finaliste au concours Moyse en Bulgarie et demi-finaliste aux concours Dutch et Cimarosa en 2025.<br>Dipl\u00f4m\u00e9e du Dipl\u00f4me Sup\u00e9rieur de Concertiste \/ Artist Diploma de l\u2019\u00c9cole Normale de Musique de Paris Alfred Cortot dans la classe de Jean Ferrandis, elle y a obtenu la mention Tr\u00e8s Bien, avec les f\u00e9licitations et l\u2019unanimit\u00e9 du jury. Elle poursuit actuellement un DNSPM et son Dipl\u00f4me d\u2019\u00c9tat au P\u00f4le Sup\u00e9rieur de Boulogne-Billancourt \/ Sorbonne Universit\u00e9 dans la classe de Vincent Lucas.<br>Elle a \u00e9galement obtenu un Master \u00e0 l\u2019Universit\u00e9 de Musique et des Beaux-Arts d\u2019Ankara, avec un m\u00e9moire intitul\u00e9 \u00ab Contemporary Flutist-Composer Ian Clarke\u2019s Contribution to Flute Playing Art and Literature \u00bb, dans la classe de Halit Turgay. Elle poursuit aujourd\u2019hui un doctorat \u00e0 l\u2019Universit\u00e9 d\u2019Istanbul, consacr\u00e9 au processus de pr\u00e9paration \u00e0 la performance.<br>Sa formation a \u00e9t\u00e9 enrichie par des masterclasses avec William Bennett, Emmanuel Pahud, Juliette Hurel, Julien Beaudiment, Emily Beynon, Carol Wincenc, Andreas Blau, Petri Alanko, Mario Caroli et Lorna McGhee. Son premier album, Cappadocia de Halit Turgay, est paru en 2025.<br>Elle enseigne \u00e9galement \u00e0 l\u2019\u00c9cole Prizma de Boulogne-Billancourt, \u00e0 Musique des \u00c9toiles et \u00e0 l\u2019Acad\u00e9mie Inter Musicale de Paris. Elle est la fondatrice de Paris Flute Studio.<\/p>\n<\/div><\/div>\n\n\n<style>.kadence-column645_811c35-1d > .kt-inside-inner-col{display:flex;}.kadence-column645_811c35-1d > .kt-inside-inner-col,.kadence-column645_811c35-1d > .kt-inside-inner-col:before{border-top-left-radius:0px;border-top-right-radius:0px;border-bottom-right-radius:0px;border-bottom-left-radius:0px;}.kadence-column645_811c35-1d > .kt-inside-inner-col{column-gap:var(--global-kb-gap-sm, 1rem);}.kadence-column645_811c35-1d > .kt-inside-inner-col{flex-direction:column;justify-content:flex-start;}.kadence-column645_811c35-1d > .kt-inside-inner-col > .aligncenter{width:100%;}.kt-row-column-wrap > .kadence-column645_811c35-1d{align-self:flex-start;}.kt-inner-column-height-full:not(.kt-has-1-columns) > .wp-block-kadence-column.kadence-column645_811c35-1d{align-self:auto;}.kt-inner-column-height-full:not(.kt-has-1-columns) > .wp-block-kadence-column.kadence-column645_811c35-1d > .kt-inside-inner-col{flex-direction:column;justify-content:flex-start;}.kadence-column645_811c35-1d > .kt-inside-inner-col:before{opacity:0.3;}.kadence-column645_811c35-1d{position:relative;}@media all and (max-width: 1024px){.kt-row-column-wrap > .kadence-column645_811c35-1d{align-self:flex-start;}}@media all and (max-width: 1024px){.kt-inner-column-height-full:not(.kt-has-1-columns) > .wp-block-kadence-column.kadence-column645_811c35-1d{align-self:auto;}}@media all and (max-width: 1024px){.kt-inner-column-height-full:not(.kt-has-1-columns) > .wp-block-kadence-column.kadence-column645_811c35-1d > .kt-inside-inner-col{flex-direction:column;justify-content:flex-start;}}@media all and (max-width: 1024px){.kadence-column645_811c35-1d > .kt-inside-inner-col{flex-direction:column;justify-content:flex-start;}}@media all and (max-width: 767px){.kt-row-column-wrap > .kadence-column645_811c35-1d{align-self:flex-start;}.kt-inner-column-height-full:not(.kt-has-1-columns) > .wp-block-kadence-column.kadence-column645_811c35-1d{align-self:auto;}.kt-inner-column-height-full:not(.kt-has-1-columns) > .wp-block-kadence-column.kadence-column645_811c35-1d > .kt-inside-inner-col{flex-direction:column;justify-content:flex-start;}.kadence-column645_811c35-1d > .kt-inside-inner-col{flex-direction:column;justify-content:flex-start;}}<\/style>\n<div class=\"wp-block-kadence-column kadence-column645_811c35-1d kvs-md-false kvs-sm-false\"><div class=\"kt-inside-inner-col\"><style>.wp-block-kadence-navigation638-cpt-id{--kb-nav-dropdown-border-top-left-radius:0px;--kb-nav-dropdown-border-top-right-radius:0px;--kb-nav-dropdown-border-bottom-right-radius:0px;--kb-nav-dropdown-border-bottom-left-radius:0px;--kb-nav-dropdown-border-radius-top:0px;--kb-nav-dropdown-border-radius-right:0px;--kb-nav-dropdown-border-radius-bottom:0px;--kb-nav-dropdown-border-radius-left:0px;--kb-nav-top-not-last-link-border-right:var(--kb-nav-link-border-right);}.header-desktop-transparent .wp-block-kadence-navigation638-cpt-id{--kb-nav-top-not-last-link-border-right:var(--kb-nav-link-border-right);}.item-is-stuck .wp-block-kadence-navigation638-cpt-id{--kb-nav-top-not-last-link-border-right:var(--kb-nav-link-border-right);}@media all and (max-width: 1024px){.wp-block-kadence-navigation638-cpt-id{--kb-nav-top-not-last-link-border-right:var(--kb-nav-link-border-right);}}@media all and (max-width: 1024px){.header-tablet-transparent .wp-block-kadence-navigation638-cpt-id{--kb-nav-top-not-last-link-border-right:var(--kb-nav-link-border-right);}}@media all and (max-width: 1024px){.item-is-stuck .wp-block-kadence-navigation638-cpt-id{--kb-nav-top-not-last-link-border-right:var(--kb-nav-link-border-right);}}@media all and (max-width: 767px){.wp-block-kadence-navigation638-cpt-id{--kb-nav-column-gap:2.4em;--kb-nav-top-not-last-link-border-right:var(--kb-nav-link-border-right);}.header-mobile-transparent .wp-block-kadence-navigation638-cpt-id{--kb-nav-top-not-last-link-border-right:var(--kb-nav-link-border-right);}.item-is-stuck .wp-block-kadence-navigation638-cpt-id{--kb-nav-top-not-last-link-border-right:var(--kb-nav-link-border-right);}}<\/style><div class=\"wp-block-kadence-navigation638-cpt-id kb-nav-desktop-horizontal-layout-standard kb-nav-tablet-horizontal-layout-standard kb-nav-mobile-horizontal-layout-standard navigation-desktop-layout-fill-stretch-false navigation-tablet-layout-fill-stretch-false navigation-mobile-layout-fill-stretch-false navigation-desktop-orientation-vertical navigation-tablet-orientation-vertical navigation-mobile-orientation-vertical wp-block-kadence-navigation\" data-scroll-spy=\"\"><nav class=\"navigation navigation-desktop-style-standard navigation-tablet-style-standard navigation-mobile-style-standard navigation-desktop-dropdown-animation-none navigation-tablet-dropdown-animation-none navigation-mobile-dropdown-animation-none navigation-desktop-collapse-sub-menus-true navigation-tablet-collapse-sub-menus-true navigation-mobile-collapse-sub-menus-true navigation-desktop-parent-toggles-menus-false navigation-tablet-parent-toggles-menus-false navigation-mobile-parent-toggles-menus-false navigation-desktop-parent-active-false navigation-tablet-parent-active-false navigation-mobile-parent-active-false\"><div class=\"menu-container\"><ul class=\"kb-navigation menu collapse-sub-nav-desktop-true collapse-sub-nav-tablet-true collapse-sub-nav-mobile-true\">\n<style>.kb-nav-link-595_cac7b6-87 > .kb-link-wrap.kb-link-wrap.kb-link-wrap.kb-link-wrap{--kb-nav-link-highlight-order:3;--kb-nav-link-highlight-icon-order:3;--kb-nav-link-align:right;--kb-nav-link-flex-justify:end;--kb-nav-link-media-container-align-self:end;--kb-nav-link-flex-align:end;}.kb-nav-link-595_cac7b6-87 > .kb-link-wrap.kb-link-wrap.kb-link-wrap.kb-link-wrap{--kb-nav-link-media-max-width:px;}<\/style><li class=\"wp-block-kadence-navigation-link kb-nav-link-595_cac7b6-87 menu-item wp-block-kadence-navigation-link\"><div class=\"kb-link-wrap\"><a class=\"kb-nav-link-content\" href=\"https:\/\/www.eceselinyuksel.com\/fr\/biyografi-2\/\">Biographie<\/a><\/div><\/li>\n\n<style>.kb-nav-link-595_d06a9a-8e > .kb-link-wrap.kb-link-wrap.kb-link-wrap.kb-link-wrap{--kb-nav-link-highlight-order:3;--kb-nav-link-highlight-icon-order:3;--kb-nav-link-align:right;--kb-nav-link-flex-justify:end;--kb-nav-link-media-container-align-self:end;--kb-nav-link-flex-align:end;}.kb-nav-link-595_d06a9a-8e > .kb-link-wrap.kb-link-wrap.kb-link-wrap.kb-link-wrap{--kb-nav-link-media-max-width:px;}<\/style><li class=\"wp-block-kadence-navigation-link kb-nav-link-595_d06a9a-8e menu-item wp-block-kadence-navigation-link\"><div class=\"kb-link-wrap\"><a class=\"kb-nav-link-content\" href=\"https:\/\/www.eceselinyuksel.com\/fr\/ajanda-2\/\">Agenda<\/a><\/div><\/li>\n\n<style>.kb-nav-link-bhz5i6n4t > .kb-link-wrap.kb-link-wrap.kb-link-wrap.kb-link-wrap{--kb-nav-link-highlight-order:3;--kb-nav-link-highlight-icon-order:3;--kb-nav-link-align:right;--kb-nav-link-flex-justify:end;--kb-nav-link-media-container-align-self:end;--kb-nav-link-flex-align:end;}.kb-nav-link-bhz5i6n4t > .kb-link-wrap.kb-link-wrap.kb-link-wrap.kb-link-wrap{--kb-nav-link-media-max-width:px;}<\/style><li class=\"wp-block-kadence-navigation-link kb-nav-link-bhz5i6n4t menu-item wp-block-kadence-navigation-link\"><div class=\"kb-link-wrap\"><a class=\"kb-nav-link-content\" href=\"https:\/\/www.eceselinyuksel.com\/fr\/ajanda-2-2\/\">Le\u00e7ons<\/a><\/div><\/li>\n<\/ul><\/div><\/nav><\/div>\n\n\n<div class=\"wp-block-stackable-spacer stk-block-spacer stk--no-padding stk-block stk-93bf6c8\" data-block-id=\"93bf6c8\"><style>.stk-93bf6c8 {height:500px !important;}<\/style><\/div>\n<\/div><\/div>\n\n<\/div><\/div>","protected":false},"excerpt":{"rendered":"","protected":false},"author":1,"featured_media":0,"parent":0,"menu_order":0,"comment_status":"closed","ping_status":"closed","template":"","meta":{"footnotes":""},"class_list":["post-644","page","type-page","status-publish","hentry"],"blocksy_meta":{"has_hero_section":"disabled","styles_descriptor":{"styles":{"desktop":"","tablet":"","mobile":""},"google_fonts":[],"version":6}},"yoast_head":"<!-- This site is optimized with the Yoast SEO plugin v27.3 - https:\/\/yoast.com\/product\/yoast-seo-wordpress\/ -->\n<title>Biographie - Ece Selin Y\u00fcksel<\/title>\n<meta name=\"robots\" content=\"index, follow, max-snippet:-1, max-image-preview:large, max-video-preview:-1\" \/>\n<link rel=\"canonical\" href=\"https:\/\/www.eceselinyuksel.com\/fr\/biyografi-2\/\" \/>\n<meta property=\"og:locale\" content=\"fr_FR\" \/>\n<meta property=\"og:type\" content=\"article\" \/>\n<meta property=\"og:title\" content=\"Biographie - Ece Selin Y\u00fcksel\" \/>\n<meta property=\"og:url\" content=\"https:\/\/www.eceselinyuksel.com\/fr\/biyografi-2\/\" \/>\n<meta property=\"og:site_name\" content=\"Ece Selin Y\u00fcksel\" \/>\n<meta property=\"article:modified_time\" content=\"2026-03-20T21:03:57+00:00\" \/>\n<meta name=\"twitter:card\" content=\"summary_large_image\" \/>\n<script type=\"application\/ld+json\" class=\"yoast-schema-graph\">{\"@context\":\"https:\\\/\\\/schema.org\",\"@graph\":[{\"@type\":\"WebPage\",\"@id\":\"https:\\\/\\\/www.eceselinyuksel.com\\\/fr\\\/biyografi-2\\\/\",\"url\":\"https:\\\/\\\/www.eceselinyuksel.com\\\/fr\\\/biyografi-2\\\/\",\"name\":\"Biographie - Ece Selin Y\u00fcksel\",\"isPartOf\":{\"@id\":\"https:\\\/\\\/www.eceselinyuksel.com\\\/fr\\\/#website\"},\"datePublished\":\"2026-03-08T15:30:09+00:00\",\"dateModified\":\"2026-03-20T21:03:57+00:00\",\"breadcrumb\":{\"@id\":\"https:\\\/\\\/www.eceselinyuksel.com\\\/fr\\\/biyografi-2\\\/#breadcrumb\"},\"inLanguage\":\"fr-FR\",\"potentialAction\":[{\"@type\":\"ReadAction\",\"target\":[\"https:\\\/\\\/www.eceselinyuksel.com\\\/fr\\\/biyografi-2\\\/\"]}]},{\"@type\":\"BreadcrumbList\",\"@id\":\"https:\\\/\\\/www.eceselinyuksel.com\\\/fr\\\/biyografi-2\\\/#breadcrumb\",\"itemListElement\":[{\"@type\":\"ListItem\",\"position\":1,\"name\":\"Home\",\"item\":\"https:\\\/\\\/www.eceselinyuksel.com\\\/fr\\\/\"},{\"@type\":\"ListItem\",\"position\":2,\"name\":\"Biographie\"}]},{\"@type\":\"WebSite\",\"@id\":\"https:\\\/\\\/www.eceselinyuksel.com\\\/fr\\\/#website\",\"url\":\"https:\\\/\\\/www.eceselinyuksel.com\\\/fr\\\/\",\"name\":\"Ece Selin Yuksel\",\"description\":\"Fl\u00fbtiste Ece Selin Y\u00fcksel\",\"publisher\":{\"@id\":\"https:\\\/\\\/www.eceselinyuksel.com\\\/fr\\\/#\\\/schema\\\/person\\\/f831a368c0bb6a0df33a9e3f47c95ad5\"},\"potentialAction\":[{\"@type\":\"SearchAction\",\"target\":{\"@type\":\"EntryPoint\",\"urlTemplate\":\"https:\\\/\\\/www.eceselinyuksel.com\\\/fr\\\/?s={search_term_string}\"},\"query-input\":{\"@type\":\"PropertyValueSpecification\",\"valueRequired\":true,\"valueName\":\"search_term_string\"}}],\"inLanguage\":\"fr-FR\"},{\"@type\":[\"Person\",\"Organization\"],\"@id\":\"https:\\\/\\\/www.eceselinyuksel.com\\\/fr\\\/#\\\/schema\\\/person\\\/f831a368c0bb6a0df33a9e3f47c95ad5\",\"name\":\"Ece Selin Yuksel\",\"image\":{\"@type\":\"ImageObject\",\"inLanguage\":\"fr-FR\",\"@id\":\"https:\\\/\\\/www.eceselinyuksel.com\\\/fr\\\/wp-content\\\/uploads\\\/2026\\\/03\\\/EceSelinYukselLogoFR.webp\",\"url\":\"https:\\\/\\\/www.eceselinyuksel.com\\\/fr\\\/wp-content\\\/uploads\\\/2026\\\/03\\\/EceSelinYukselLogoFR.webp\",\"contentUrl\":\"https:\\\/\\\/www.eceselinyuksel.com\\\/fr\\\/wp-content\\\/uploads\\\/2026\\\/03\\\/EceSelinYukselLogoFR.webp\",\"width\":2500,\"height\":625,\"caption\":\"Ece Selin Yuksel\"},\"logo\":{\"@id\":\"https:\\\/\\\/www.eceselinyuksel.com\\\/fr\\\/wp-content\\\/uploads\\\/2026\\\/03\\\/EceSelinYukselLogoFR.webp\"}}]}<\/script>\n<!-- \/ Yoast SEO plugin. -->","yoast_head_json":{"title":"Biographie - Ece Selin Y\u00fcksel","robots":{"index":"index","follow":"follow","max-snippet":"max-snippet:-1","max-image-preview":"max-image-preview:large","max-video-preview":"max-video-preview:-1"},"canonical":"https:\/\/www.eceselinyuksel.com\/fr\/biyografi-2\/","og_locale":"fr_FR","og_type":"article","og_title":"Biographie - Ece Selin Y\u00fcksel","og_url":"https:\/\/www.eceselinyuksel.com\/fr\/biyografi-2\/","og_site_name":"Ece Selin Y\u00fcksel","article_modified_time":"2026-03-20T21:03:57+00:00","twitter_card":"summary_large_image","schema":{"@context":"https:\/\/schema.org","@graph":[{"@type":"WebPage","@id":"https:\/\/www.eceselinyuksel.com\/fr\/biyografi-2\/","url":"https:\/\/www.eceselinyuksel.com\/fr\/biyografi-2\/","name":"Biographie - Ece Selin Y\u00fcksel","isPartOf":{"@id":"https:\/\/www.eceselinyuksel.com\/fr\/#website"},"datePublished":"2026-03-08T15:30:09+00:00","dateModified":"2026-03-20T21:03:57+00:00","breadcrumb":{"@id":"https:\/\/www.eceselinyuksel.com\/fr\/biyografi-2\/#breadcrumb"},"inLanguage":"fr-FR","potentialAction":[{"@type":"ReadAction","target":["https:\/\/www.eceselinyuksel.com\/fr\/biyografi-2\/"]}]},{"@type":"BreadcrumbList","@id":"https:\/\/www.eceselinyuksel.com\/fr\/biyografi-2\/#breadcrumb","itemListElement":[{"@type":"ListItem","position":1,"name":"Home","item":"https:\/\/www.eceselinyuksel.com\/fr\/"},{"@type":"ListItem","position":2,"name":"Biographie"}]},{"@type":"WebSite","@id":"https:\/\/www.eceselinyuksel.com\/fr\/#website","url":"https:\/\/www.eceselinyuksel.com\/fr\/","name":"Ece Selin Yuksel","description":"Fl\u00fbtiste Ece Selin Y\u00fcksel","publisher":{"@id":"https:\/\/www.eceselinyuksel.com\/fr\/#\/schema\/person\/f831a368c0bb6a0df33a9e3f47c95ad5"},"potentialAction":[{"@type":"SearchAction","target":{"@type":"EntryPoint","urlTemplate":"https:\/\/www.eceselinyuksel.com\/fr\/?s={search_term_string}"},"query-input":{"@type":"PropertyValueSpecification","valueRequired":true,"valueName":"search_term_string"}}],"inLanguage":"fr-FR"},{"@type":["Person","Organization"],"@id":"https:\/\/www.eceselinyuksel.com\/fr\/#\/schema\/person\/f831a368c0bb6a0df33a9e3f47c95ad5","name":"Ece Selin Yuksel","image":{"@type":"ImageObject","inLanguage":"fr-FR","@id":"https:\/\/www.eceselinyuksel.com\/fr\/wp-content\/uploads\/2026\/03\/EceSelinYukselLogoFR.webp","url":"https:\/\/www.eceselinyuksel.com\/fr\/wp-content\/uploads\/2026\/03\/EceSelinYukselLogoFR.webp","contentUrl":"https:\/\/www.eceselinyuksel.com\/fr\/wp-content\/uploads\/2026\/03\/EceSelinYukselLogoFR.webp","width":2500,"height":625,"caption":"Ece Selin Yuksel"},"logo":{"@id":"https:\/\/www.eceselinyuksel.com\/fr\/wp-content\/uploads\/2026\/03\/EceSelinYukselLogoFR.webp"}}]}},"_links":{"self":[{"href":"https:\/\/www.eceselinyuksel.com\/fr\/wp-json\/wp\/v2\/pages\/644","targetHints":{"allow":["GET"]}}],"collection":[{"href":"https:\/\/www.eceselinyuksel.com\/fr\/wp-json\/wp\/v2\/pages"}],"about":[{"href":"https:\/\/www.eceselinyuksel.com\/fr\/wp-json\/wp\/v2\/types\/page"}],"author":[{"embeddable":true,"href":"https:\/\/www.eceselinyuksel.com\/fr\/wp-json\/wp\/v2\/users\/1"}],"replies":[{"embeddable":true,"href":"https:\/\/www.eceselinyuksel.com\/fr\/wp-json\/wp\/v2\/comments?post=644"}],"version-history":[{"count":3,"href":"https:\/\/www.eceselinyuksel.com\/fr\/wp-json\/wp\/v2\/pages\/644\/revisions"}],"predecessor-version":[{"id":935,"href":"https:\/\/www.eceselinyuksel.com\/fr\/wp-json\/wp\/v2\/pages\/644\/revisions\/935"}],"wp:attachment":[{"href":"https:\/\/www.eceselinyuksel.com\/fr\/wp-json\/wp\/v2\/media?parent=644"}],"curies":[{"name":"wp","href":"https:\/\/api.w.org\/{rel}","templated":true}]}}