{"id":595,"date":"2026-03-06T12:02:27","date_gmt":"2026-03-06T12:02:27","guid":{"rendered":"https:\/\/www.eceselinyuksel.com\/fr\/?page_id=595"},"modified":"2026-03-20T22:26:44","modified_gmt":"2026-03-20T21:26:44","slug":"yeni","status":"publish","type":"page","link":"https:\/\/www.eceselinyuksel.com\/fr\/","title":{"rendered":"Accueil"},"content":{"rendered":"<style>.kb-row-layout-wrap.wp-block-kadence-rowlayout.kb-row-layout-id595_e81f4b-40{margin-top:0px;margin-bottom:0px;}.kb-row-layout-id595_e81f4b-40 > .kt-row-column-wrap{align-content:center;}:where(.kb-row-layout-id595_e81f4b-40 > .kt-row-column-wrap) > .wp-block-kadence-column{justify-content:center;}.kb-row-layout-id595_e81f4b-40 > .kt-row-column-wrap{column-gap:var(--global-kb-gap-none, 0rem );row-gap:var(--global-kb-gap-md, 2rem);max-width:1290px;padding-top:0px;padding-bottom:0px;min-height:750px;grid-template-columns:minmax(0, 2fr) minmax(0, 1fr);}.kb-row-layout-id595_e81f4b-40{background-image:url('https:\/\/www.eceselinyuksel.com\/fr\/wp-content\/uploads\/2026\/03\/Ece_Selin_Yuksel1.webp');background-size:cover;background-position:52% 52%;background-attachment:scroll;background-repeat:no-repeat;}.kb-row-layout-id595_e81f4b-40 > .kt-row-layout-overlay{opacity:0.00;background-color:var(--theme-palette-color-5, #e1e8ed);}@media all and (max-width: 1024px), only screen and (min-device-width: 1024px) and (max-device-width: 1366px) and (-webkit-min-device-pixel-ratio: 2) and (hover: none){.kb-row-layout-wrap.wp-block-kadence-rowlayout.kb-row-layout-id595_e81f4b-40{background-image:url('https:\/\/www.eceselinyuksel.com\/fr\/wp-content\/uploads\/2026\/03\/Ece_Selin_Yuksel2.webp');background-size:contain;background-position:center center;background-attachment:scroll;background-repeat:no-repeat;}}@media all and (max-width: 1024px){.kb-row-layout-id595_e81f4b-40 > .kt-row-column-wrap{padding-top:0px;padding-right:var(--global-kb-spacing-3xl, 6.5rem);padding-bottom:var(--global-kb-spacing-xl, 4rem);padding-left:var(--global-kb-spacing-xl, 4rem);grid-template-columns:minmax(0, 1fr);}}@media all and (max-width: 767px){.kb-row-layout-id595_e81f4b-40 > .kt-row-column-wrap{padding-right:var(--global-kb-spacing-xs, 1rem);padding-left:var(--global-kb-spacing-xs, 1rem);grid-template-columns:minmax(0, 1fr);}.kb-row-layout-wrap.wp-block-kadence-rowlayout.kb-row-layout-id595_e81f4b-40{background-image:url('https:\/\/www.eceselinyuksel.com\/fr\/wp-content\/uploads\/2026\/03\/Ece_Selin_Yuksel2.webp');background-size:contain;background-position:52% 52%;background-attachment:scroll;background-repeat:no-repeat;}}<\/style><div class=\"kb-row-layout-wrap kb-row-layout-id595_e81f4b-40 alignfull kt-row-has-bg wp-block-kadence-rowlayout\"><div class=\"kt-row-layout-overlay kt-row-overlay-normal\"><\/div><div class=\"kt-row-column-wrap kt-has-2-columns kt-row-layout-left-golden kt-tab-layout-row kt-mobile-layout-row kt-row-valign-middle kb-theme-content-width\">\n<style>.kadence-column595_aadfe3-7f > .kt-inside-inner-col,.kadence-column595_aadfe3-7f > .kt-inside-inner-col:before{border-top-left-radius:0px;border-top-right-radius:0px;border-bottom-right-radius:0px;border-bottom-left-radius:0px;}.kadence-column595_aadfe3-7f > .kt-inside-inner-col{column-gap:var(--global-kb-gap-sm, 1rem);}.kadence-column595_aadfe3-7f > .kt-inside-inner-col{flex-direction:column;}.kadence-column595_aadfe3-7f > .kt-inside-inner-col > .aligncenter{width:100%;}.kadence-column595_aadfe3-7f > .kt-inside-inner-col:before{opacity:0.3;}.kadence-column595_aadfe3-7f{position:relative;}@media all and (max-width: 1024px){.kadence-column595_aadfe3-7f > .kt-inside-inner-col{flex-direction:column;justify-content:center;}}@media all and (max-width: 767px){.kadence-column595_aadfe3-7f > .kt-inside-inner-col{flex-direction:column;justify-content:center;}}<\/style>\n<div class=\"wp-block-kadence-column kadence-column595_aadfe3-7f\"><div class=\"kt-inside-inner-col\"><\/div><\/div>\n\n\n<style>.kadence-column595_719a07-1b > .kt-inside-inner-col,.kadence-column595_719a07-1b > .kt-inside-inner-col:before{border-top-left-radius:0px;border-top-right-radius:0px;border-bottom-right-radius:0px;border-bottom-left-radius:0px;}.kadence-column595_719a07-1b > .kt-inside-inner-col{column-gap:var(--global-kb-gap-sm, 1rem);}.kadence-column595_719a07-1b > .kt-inside-inner-col{flex-direction:column;}.kadence-column595_719a07-1b > .kt-inside-inner-col > .aligncenter{width:100%;}.kadence-column595_719a07-1b > .kt-inside-inner-col:before{opacity:0.3;}.kadence-column595_719a07-1b{position:relative;}@media all and (max-width: 1024px){.kadence-column595_719a07-1b > .kt-inside-inner-col{flex-direction:column;justify-content:center;}}@media all and (max-width: 767px){.kadence-column595_719a07-1b > .kt-inside-inner-col{flex-direction:column;justify-content:center;}}<\/style>\n<div class=\"wp-block-kadence-column kadence-column595_719a07-1b\"><div class=\"kt-inside-inner-col\"><style>.wp-block-kadence-navigation638-cpt-id{--kb-nav-dropdown-border-top-left-radius:0px;--kb-nav-dropdown-border-top-right-radius:0px;--kb-nav-dropdown-border-bottom-right-radius:0px;--kb-nav-dropdown-border-bottom-left-radius:0px;--kb-nav-dropdown-border-radius-top:0px;--kb-nav-dropdown-border-radius-right:0px;--kb-nav-dropdown-border-radius-bottom:0px;--kb-nav-dropdown-border-radius-left:0px;--kb-nav-top-not-last-link-border-right:var(--kb-nav-link-border-right);}.header-desktop-transparent .wp-block-kadence-navigation638-cpt-id{--kb-nav-top-not-last-link-border-right:var(--kb-nav-link-border-right);}.item-is-stuck .wp-block-kadence-navigation638-cpt-id{--kb-nav-top-not-last-link-border-right:var(--kb-nav-link-border-right);}@media all and (max-width: 1024px){.wp-block-kadence-navigation638-cpt-id{--kb-nav-top-not-last-link-border-right:var(--kb-nav-link-border-right);}}@media all and (max-width: 1024px){.header-tablet-transparent .wp-block-kadence-navigation638-cpt-id{--kb-nav-top-not-last-link-border-right:var(--kb-nav-link-border-right);}}@media all and (max-width: 1024px){.item-is-stuck .wp-block-kadence-navigation638-cpt-id{--kb-nav-top-not-last-link-border-right:var(--kb-nav-link-border-right);}}@media all and (max-width: 767px){.wp-block-kadence-navigation638-cpt-id{--kb-nav-column-gap:2.4em;--kb-nav-top-not-last-link-border-right:var(--kb-nav-link-border-right);}.header-mobile-transparent .wp-block-kadence-navigation638-cpt-id{--kb-nav-top-not-last-link-border-right:var(--kb-nav-link-border-right);}.item-is-stuck .wp-block-kadence-navigation638-cpt-id{--kb-nav-top-not-last-link-border-right:var(--kb-nav-link-border-right);}}<\/style><div class=\"wp-block-kadence-navigation638-cpt-id kb-nav-desktop-horizontal-layout-standard kb-nav-tablet-horizontal-layout-standard kb-nav-mobile-horizontal-layout-standard navigation-desktop-layout-fill-stretch-false navigation-tablet-layout-fill-stretch-false navigation-mobile-layout-fill-stretch-false navigation-desktop-orientation-vertical navigation-tablet-orientation-vertical navigation-mobile-orientation-vertical wp-block-kadence-navigation\" data-scroll-spy=\"\"><nav class=\"navigation navigation-desktop-style-standard navigation-tablet-style-standard navigation-mobile-style-standard navigation-desktop-dropdown-animation-none navigation-tablet-dropdown-animation-none navigation-mobile-dropdown-animation-none navigation-desktop-collapse-sub-menus-true navigation-tablet-collapse-sub-menus-true navigation-mobile-collapse-sub-menus-true navigation-desktop-parent-toggles-menus-false navigation-tablet-parent-toggles-menus-false navigation-mobile-parent-toggles-menus-false navigation-desktop-parent-active-false navigation-tablet-parent-active-false navigation-mobile-parent-active-false\"><div class=\"menu-container\"><ul class=\"kb-navigation menu collapse-sub-nav-desktop-true collapse-sub-nav-tablet-true collapse-sub-nav-mobile-true\">\n<style>.kb-nav-link-595_cac7b6-87 > .kb-link-wrap.kb-link-wrap.kb-link-wrap.kb-link-wrap{--kb-nav-link-highlight-order:3;--kb-nav-link-highlight-icon-order:3;--kb-nav-link-align:right;--kb-nav-link-flex-justify:end;--kb-nav-link-media-container-align-self:end;--kb-nav-link-flex-align:end;}.kb-nav-link-595_cac7b6-87 > .kb-link-wrap.kb-link-wrap.kb-link-wrap.kb-link-wrap{--kb-nav-link-media-max-width:px;}<\/style><li class=\"wp-block-kadence-navigation-link kb-nav-link-595_cac7b6-87 menu-item wp-block-kadence-navigation-link\"><div class=\"kb-link-wrap\"><a class=\"kb-nav-link-content\" href=\"https:\/\/www.eceselinyuksel.com\/fr\/biyografi-2\/\">Biographie<\/a><\/div><\/li>\n\n<style>.kb-nav-link-595_d06a9a-8e > .kb-link-wrap.kb-link-wrap.kb-link-wrap.kb-link-wrap{--kb-nav-link-highlight-order:3;--kb-nav-link-highlight-icon-order:3;--kb-nav-link-align:right;--kb-nav-link-flex-justify:end;--kb-nav-link-media-container-align-self:end;--kb-nav-link-flex-align:end;}.kb-nav-link-595_d06a9a-8e > .kb-link-wrap.kb-link-wrap.kb-link-wrap.kb-link-wrap{--kb-nav-link-media-max-width:px;}<\/style><li class=\"wp-block-kadence-navigation-link kb-nav-link-595_d06a9a-8e menu-item wp-block-kadence-navigation-link\"><div class=\"kb-link-wrap\"><a class=\"kb-nav-link-content\" href=\"https:\/\/www.eceselinyuksel.com\/fr\/ajanda-2\/\">Agenda<\/a><\/div><\/li>\n\n<style>.kb-nav-link-bhz5i6n4t > .kb-link-wrap.kb-link-wrap.kb-link-wrap.kb-link-wrap{--kb-nav-link-highlight-order:3;--kb-nav-link-highlight-icon-order:3;--kb-nav-link-align:right;--kb-nav-link-flex-justify:end;--kb-nav-link-media-container-align-self:end;--kb-nav-link-flex-align:end;}.kb-nav-link-bhz5i6n4t > .kb-link-wrap.kb-link-wrap.kb-link-wrap.kb-link-wrap{--kb-nav-link-media-max-width:px;}<\/style><li class=\"wp-block-kadence-navigation-link kb-nav-link-bhz5i6n4t menu-item wp-block-kadence-navigation-link\"><div class=\"kb-link-wrap\"><a class=\"kb-nav-link-content\" href=\"https:\/\/www.eceselinyuksel.com\/fr\/ajanda-2-2\/\">Le\u00e7ons<\/a><\/div><\/li>\n<\/ul><\/div><\/nav><\/div>\n\n\n<div class=\"wp-block-stackable-spacer stk-block-spacer stk--no-padding stk-block stk-93bf6c8\" data-block-id=\"93bf6c8\"><style>.stk-93bf6c8 {height:500px !important;}<\/style><\/div>\n<\/div><\/div>\n\n<\/div><\/div>\n\n<style>.kb-row-layout-id595_219f05-a1 > .kt-row-column-wrap{align-content:start;}:where(.kb-row-layout-id595_219f05-a1 > .kt-row-column-wrap) > .wp-block-kadence-column{justify-content:start;}.kb-row-layout-id595_219f05-a1 > .kt-row-column-wrap{column-gap:var(--global-kb-gap-md, 2rem);row-gap:var(--global-kb-gap-md, 2rem);max-width:1290px;padding-top:var(--global-kb-spacing-xs, 1rem);padding-bottom:var(--global-kb-spacing-xxs, 0.5rem);grid-template-columns:minmax(0, 1fr);}.kb-row-layout-id595_219f05-a1{background-color:var(--global-palette9, #ffffff);}.kb-row-layout-id595_219f05-a1 > .kt-row-layout-overlay{opacity:0.30;}@media all and (max-width: 1024px){.kb-row-layout-id595_219f05-a1 > .kt-row-column-wrap{grid-template-columns:minmax(0, 1fr);}}@media all and (max-width: 767px){.kb-row-layout-id595_219f05-a1 > .kt-row-column-wrap{grid-template-columns:minmax(0, 1fr);}}<\/style><div class=\"kb-row-layout-wrap kb-row-layout-id595_219f05-a1 alignfull has-theme-palette9-background-color kt-row-has-bg wp-block-kadence-rowlayout\"><div class=\"kt-row-column-wrap kt-has-1-columns kt-row-layout-equal kt-tab-layout-inherit kt-mobile-layout-row kt-row-valign-top kb-theme-content-width\">\n<style>.kadence-column595_be38fa-07 > .kt-inside-inner-col{display:flex;}.kadence-column595_be38fa-07 > .kt-inside-inner-col,.kadence-column595_be38fa-07 > .kt-inside-inner-col:before{border-top-left-radius:0px;border-top-right-radius:0px;border-bottom-right-radius:0px;border-bottom-left-radius:0px;}.kadence-column595_be38fa-07 > .kt-inside-inner-col{column-gap:var(--global-kb-gap-sm, 1rem);}.kadence-column595_be38fa-07 > .kt-inside-inner-col{flex-direction:column;align-items:stretch;}.kadence-column595_be38fa-07 > .kt-inside-inner-col > .kb-image-is-ratio-size{align-self:stretch;}.kadence-column595_be38fa-07 > .kt-inside-inner-col > .wp-block-kadence-advancedgallery{align-self:stretch;}.kadence-column595_be38fa-07 > .kt-inside-inner-col > .aligncenter{width:100%;}.kadence-column595_be38fa-07 > .kt-inside-inner-col:before{opacity:0.3;}.kadence-column595_be38fa-07{text-align:center;}.kadence-column595_be38fa-07{position:relative;}@media all and (max-width: 1024px){.kadence-column595_be38fa-07 > .kt-inside-inner-col{flex-direction:column;justify-content:center;align-items:stretch;}}@media all and (max-width: 767px){.kadence-column595_be38fa-07 > .kt-inside-inner-col{flex-direction:column;justify-content:center;align-items:stretch;}}<\/style>\n<div class=\"wp-block-kadence-column kadence-column595_be38fa-07 inner-column-1\"><div class=\"kt-inside-inner-col\"><style>.wp-block-kadence-advancedheading.kt-adv-heading595_8a7866-6e, .wp-block-kadence-advancedheading.kt-adv-heading595_8a7866-6e[data-kb-block=\"kb-adv-heading595_8a7866-6e\"]{font-style:normal;}.wp-block-kadence-advancedheading.kt-adv-heading595_8a7866-6e mark.kt-highlight, .wp-block-kadence-advancedheading.kt-adv-heading595_8a7866-6e[data-kb-block=\"kb-adv-heading595_8a7866-6e\"] mark.kt-highlight{font-style:normal;color:#f76a0c;-webkit-box-decoration-break:clone;box-decoration-break:clone;padding-top:0px;padding-right:0px;padding-bottom:0px;padding-left:0px;}.wp-block-kadence-advancedheading.kt-adv-heading595_8a7866-6e img.kb-inline-image, .wp-block-kadence-advancedheading.kt-adv-heading595_8a7866-6e[data-kb-block=\"kb-adv-heading595_8a7866-6e\"] img.kb-inline-image{width:150px;vertical-align:baseline;}<\/style>\n<p class=\"kt-adv-heading595_8a7866-6e has-sm-font-size wp-block-kadence-advancedheading\" data-kb-block=\"kb-adv-heading595_8a7866-6e\">Fl\u00fbtiste bas\u00e9e \u00e0 Paris. Une artiste interpr\u00e8te reliant sc\u00e8nes internationales, musique de chambre et mentorat artistique.<\/p>\n<\/div><\/div>\n\n<\/div><\/div>\n\n\n<div class=\"wp-block-stackable-columns stk-block-columns stk-block stk-50cc1e8\" data-block-id=\"50cc1e8\"><style>.stk-50cc1e8 {margin-bottom:10px !important;}<\/style><div class=\"stk-row stk-inner-blocks stk-block-content stk-content-align stk-50cc1e8-column\">\n<div class=\"wp-block-stackable-column stk-block-column stk-column stk-block stk-ad81a02\" data-v=\"4\" data-block-id=\"ad81a02\"><style>.stk-ad81a02-container{max-width:600px !important;min-width:auto !important;margin-right:auto !important;margin-left:auto !important;}<\/style><div class=\"stk-column-wrapper stk-block-column__content stk-container stk-ad81a02-container stk--no-background stk--no-padding\"><div class=\"stk-block-content stk-inner-blocks stk-ad81a02-inner-blocks\">\n<figure class=\"wp-block-video\"><video height=\"720\" style=\"aspect-ratio: 1280 \/ 720;\" width=\"1280\" controls src=\"https:\/\/www.eceselinyuksel.com\/fr\/wp-content\/uploads\/2026\/02\/Mercadante.mp4\"><\/video><\/figure>\n<\/div><\/div><\/div>\n<\/div><\/div>\n\n\n\n<p><\/p>\n","protected":false},"excerpt":{"rendered":"<p>Fl\u00fbtiste bas\u00e9e \u00e0 Paris. Une artiste interpr\u00e8te reliant sc\u00e8nes internationales, musique de chambre et mentorat artistique.<\/p>\n","protected":false},"author":1,"featured_media":0,"parent":0,"menu_order":0,"comment_status":"closed","ping_status":"closed","template":"","meta":{"footnotes":""},"class_list":["post-595","page","type-page","status-publish","hentry"],"blocksy_meta":{"has_hero_section":"disabled","styles_descriptor":{"styles":{"desktop":"","tablet":"","mobile":""},"google_fonts":[],"version":6}},"yoast_head":"<!-- This site is optimized with the Yoast SEO plugin v27.3 - https:\/\/yoast.com\/product\/yoast-seo-wordpress\/ -->\n<title>Accueil - Ece Selin Y\u00fcksel<\/title>\n<meta name=\"robots\" content=\"index, follow, max-snippet:-1, max-image-preview:large, max-video-preview:-1\" \/>\n<link rel=\"canonical\" href=\"https:\/\/www.eceselinyuksel.com\/fr\/\" \/>\n<meta property=\"og:locale\" content=\"fr_FR\" \/>\n<meta property=\"og:type\" content=\"article\" \/>\n<meta property=\"og:title\" content=\"Accueil - Ece Selin Y\u00fcksel\" \/>\n<meta property=\"og:description\" content=\"Fl\u00fbtiste bas\u00e9e \u00e0 Paris. Une artiste interpr\u00e8te reliant sc\u00e8nes internationales, musique de chambre et mentorat artistique.\" \/>\n<meta property=\"og:url\" content=\"https:\/\/www.eceselinyuksel.com\/fr\/\" \/>\n<meta property=\"og:site_name\" content=\"Ece Selin Y\u00fcksel\" \/>\n<meta property=\"article:modified_time\" content=\"2026-03-20T21:26:44+00:00\" \/>\n<meta name=\"twitter:card\" content=\"summary_large_image\" \/>\n<script type=\"application\/ld+json\" class=\"yoast-schema-graph\">{\"@context\":\"https:\\\/\\\/schema.org\",\"@graph\":[{\"@type\":\"WebPage\",\"@id\":\"https:\\\/\\\/www.eceselinyuksel.com\\\/fr\\\/\",\"url\":\"https:\\\/\\\/www.eceselinyuksel.com\\\/fr\\\/\",\"name\":\"Accueil - Ece Selin Y\u00fcksel\",\"isPartOf\":{\"@id\":\"https:\\\/\\\/www.eceselinyuksel.com\\\/fr\\\/#website\"},\"datePublished\":\"2026-03-06T12:02:27+00:00\",\"dateModified\":\"2026-03-20T21:26:44+00:00\",\"breadcrumb\":{\"@id\":\"https:\\\/\\\/www.eceselinyuksel.com\\\/fr\\\/#breadcrumb\"},\"inLanguage\":\"fr-FR\",\"potentialAction\":[{\"@type\":\"ReadAction\",\"target\":[\"https:\\\/\\\/www.eceselinyuksel.com\\\/fr\\\/\"]}]},{\"@type\":\"BreadcrumbList\",\"@id\":\"https:\\\/\\\/www.eceselinyuksel.com\\\/fr\\\/#breadcrumb\",\"itemListElement\":[{\"@type\":\"ListItem\",\"position\":1,\"name\":\"Home\",\"item\":\"https:\\\/\\\/www.eceselinyuksel.com\\\/fr\\\/\"},{\"@type\":\"ListItem\",\"position\":2,\"name\":\"Accueil\"}]},{\"@type\":\"WebSite\",\"@id\":\"https:\\\/\\\/www.eceselinyuksel.com\\\/fr\\\/#website\",\"url\":\"https:\\\/\\\/www.eceselinyuksel.com\\\/fr\\\/\",\"name\":\"Ece Selin Yuksel\",\"description\":\"Fl\u00fbtiste Ece Selin Y\u00fcksel\",\"publisher\":{\"@id\":\"https:\\\/\\\/www.eceselinyuksel.com\\\/fr\\\/#\\\/schema\\\/person\\\/f831a368c0bb6a0df33a9e3f47c95ad5\"},\"potentialAction\":[{\"@type\":\"SearchAction\",\"target\":{\"@type\":\"EntryPoint\",\"urlTemplate\":\"https:\\\/\\\/www.eceselinyuksel.com\\\/fr\\\/?s={search_term_string}\"},\"query-input\":{\"@type\":\"PropertyValueSpecification\",\"valueRequired\":true,\"valueName\":\"search_term_string\"}}],\"inLanguage\":\"fr-FR\"},{\"@type\":[\"Person\",\"Organization\"],\"@id\":\"https:\\\/\\\/www.eceselinyuksel.com\\\/fr\\\/#\\\/schema\\\/person\\\/f831a368c0bb6a0df33a9e3f47c95ad5\",\"name\":\"Ece Selin Yuksel\",\"image\":{\"@type\":\"ImageObject\",\"inLanguage\":\"fr-FR\",\"@id\":\"https:\\\/\\\/www.eceselinyuksel.com\\\/fr\\\/wp-content\\\/uploads\\\/2026\\\/03\\\/EceSelinYukselLogoFR.webp\",\"url\":\"https:\\\/\\\/www.eceselinyuksel.com\\\/fr\\\/wp-content\\\/uploads\\\/2026\\\/03\\\/EceSelinYukselLogoFR.webp\",\"contentUrl\":\"https:\\\/\\\/www.eceselinyuksel.com\\\/fr\\\/wp-content\\\/uploads\\\/2026\\\/03\\\/EceSelinYukselLogoFR.webp\",\"width\":2500,\"height\":625,\"caption\":\"Ece Selin Yuksel\"},\"logo\":{\"@id\":\"https:\\\/\\\/www.eceselinyuksel.com\\\/fr\\\/wp-content\\\/uploads\\\/2026\\\/03\\\/EceSelinYukselLogoFR.webp\"}}]}<\/script>\n<!-- \/ Yoast SEO plugin. -->","yoast_head_json":{"title":"Accueil - Ece Selin Y\u00fcksel","robots":{"index":"index","follow":"follow","max-snippet":"max-snippet:-1","max-image-preview":"max-image-preview:large","max-video-preview":"max-video-preview:-1"},"canonical":"https:\/\/www.eceselinyuksel.com\/fr\/","og_locale":"fr_FR","og_type":"article","og_title":"Accueil - Ece Selin Y\u00fcksel","og_description":"Fl\u00fbtiste bas\u00e9e \u00e0 Paris. Une artiste interpr\u00e8te reliant sc\u00e8nes internationales, musique de chambre et mentorat artistique.","og_url":"https:\/\/www.eceselinyuksel.com\/fr\/","og_site_name":"Ece Selin Y\u00fcksel","article_modified_time":"2026-03-20T21:26:44+00:00","twitter_card":"summary_large_image","schema":{"@context":"https:\/\/schema.org","@graph":[{"@type":"WebPage","@id":"https:\/\/www.eceselinyuksel.com\/fr\/","url":"https:\/\/www.eceselinyuksel.com\/fr\/","name":"Accueil - Ece Selin Y\u00fcksel","isPartOf":{"@id":"https:\/\/www.eceselinyuksel.com\/fr\/#website"},"datePublished":"2026-03-06T12:02:27+00:00","dateModified":"2026-03-20T21:26:44+00:00","breadcrumb":{"@id":"https:\/\/www.eceselinyuksel.com\/fr\/#breadcrumb"},"inLanguage":"fr-FR","potentialAction":[{"@type":"ReadAction","target":["https:\/\/www.eceselinyuksel.com\/fr\/"]}]},{"@type":"BreadcrumbList","@id":"https:\/\/www.eceselinyuksel.com\/fr\/#breadcrumb","itemListElement":[{"@type":"ListItem","position":1,"name":"Home","item":"https:\/\/www.eceselinyuksel.com\/fr\/"},{"@type":"ListItem","position":2,"name":"Accueil"}]},{"@type":"WebSite","@id":"https:\/\/www.eceselinyuksel.com\/fr\/#website","url":"https:\/\/www.eceselinyuksel.com\/fr\/","name":"Ece Selin Yuksel","description":"Fl\u00fbtiste Ece Selin Y\u00fcksel","publisher":{"@id":"https:\/\/www.eceselinyuksel.com\/fr\/#\/schema\/person\/f831a368c0bb6a0df33a9e3f47c95ad5"},"potentialAction":[{"@type":"SearchAction","target":{"@type":"EntryPoint","urlTemplate":"https:\/\/www.eceselinyuksel.com\/fr\/?s={search_term_string}"},"query-input":{"@type":"PropertyValueSpecification","valueRequired":true,"valueName":"search_term_string"}}],"inLanguage":"fr-FR"},{"@type":["Person","Organization"],"@id":"https:\/\/www.eceselinyuksel.com\/fr\/#\/schema\/person\/f831a368c0bb6a0df33a9e3f47c95ad5","name":"Ece Selin Yuksel","image":{"@type":"ImageObject","inLanguage":"fr-FR","@id":"https:\/\/www.eceselinyuksel.com\/fr\/wp-content\/uploads\/2026\/03\/EceSelinYukselLogoFR.webp","url":"https:\/\/www.eceselinyuksel.com\/fr\/wp-content\/uploads\/2026\/03\/EceSelinYukselLogoFR.webp","contentUrl":"https:\/\/www.eceselinyuksel.com\/fr\/wp-content\/uploads\/2026\/03\/EceSelinYukselLogoFR.webp","width":2500,"height":625,"caption":"Ece Selin Yuksel"},"logo":{"@id":"https:\/\/www.eceselinyuksel.com\/fr\/wp-content\/uploads\/2026\/03\/EceSelinYukselLogoFR.webp"}}]}},"_links":{"self":[{"href":"https:\/\/www.eceselinyuksel.com\/fr\/wp-json\/wp\/v2\/pages\/595","targetHints":{"allow":["GET"]}}],"collection":[{"href":"https:\/\/www.eceselinyuksel.com\/fr\/wp-json\/wp\/v2\/pages"}],"about":[{"href":"https:\/\/www.eceselinyuksel.com\/fr\/wp-json\/wp\/v2\/types\/page"}],"author":[{"embeddable":true,"href":"https:\/\/www.eceselinyuksel.com\/fr\/wp-json\/wp\/v2\/users\/1"}],"replies":[{"embeddable":true,"href":"https:\/\/www.eceselinyuksel.com\/fr\/wp-json\/wp\/v2\/comments?post=595"}],"version-history":[{"count":26,"href":"https:\/\/www.eceselinyuksel.com\/fr\/wp-json\/wp\/v2\/pages\/595\/revisions"}],"predecessor-version":[{"id":933,"href":"https:\/\/www.eceselinyuksel.com\/fr\/wp-json\/wp\/v2\/pages\/595\/revisions\/933"}],"wp:attachment":[{"href":"https:\/\/www.eceselinyuksel.com\/fr\/wp-json\/wp\/v2\/media?parent=595"}],"curies":[{"name":"wp","href":"https:\/\/api.w.org\/{rel}","templated":true}]}}